{"id":2029,"date":"2026-03-30T17:04:35","date_gmt":"2026-03-30T15:04:35","guid":{"rendered":"https:\/\/www.vetzentrum-koeln.de\/sterilization-assistant\/"},"modified":"2026-04-20T14:21:52","modified_gmt":"2026-04-20T12:21:52","slug":"sterilization-assistant","status":"publish","type":"page","link":"https:\/\/www.vetzentrum-koeln.de\/en\/job-openings\/sterilization-assistant\/","title":{"rendered":"Sterilization Assistant"},"content":{"rendered":"<div class=\"wpb-content-wrapper\"><p>[vc_row css=&#8221;.vc_custom_1636450784221{margin-top: -100px !important;padding-top: 20px !important;padding-right: 40px !important;padding-left: 40px !important;background-color: rgba(255,255,255,0.93) !important;*background-color: rgb(255,255,255) !important;}&#8221;][vc_column][vc_row_inner][vc_column_inner width=&#8221;1\/2&#8243;][vc_column_text css_animation=&#8221;fadeIn&#8221; css=&#8221;&#8221;]<\/p>\n<h2 class=\"top-card-layout__title font-sans text-lg papabear:text-xl font-bold leading-open text-color-text mb-0 topcard__title\"><strong>Sterilization Assistant (m\/f\/d) \u2013 Part-Time\/Full-Time<\/strong><\/h2>\n<p>&nbsp;<\/p>\n<p><b><\/b><b>About Us:<br \/>\n<\/b>Vet Zentrum K\u00f6ln stands for modern veterinary medicine, high-quality care for dogs and cats, and a strong, dedicated team. With us, you work in a professional environment where the well-being of both animals and people is equally important. <\/p>\n<p><b><br \/>\n<strong>Your Profile<\/strong><br \/>\n<\/b><\/p>\n<p>You have completed medical training, ideally supplemented by further training in DGSV expertise in medical device reprocessing or Specialist Knowledge I. <strong>Alternatively, you are a career changer<\/strong> (m\/f\/d) and already have initial practical experience handling (medical) instruments.<\/p>\n<h2><b> <\/b><\/h2>\n<p><strong>Your Responsibilities<\/strong><b><\/b><\/p>\n<ul>\n<li>Cleaning, disinfection, and sterilization of instruments and medical devices<\/li>\n<li>Maintenance, monitoring, and functional testing of sterilization equipment<\/li>\n<li>Packaging and assembly of sterile goods<\/li>\n<li>Support in preparing for surgeries<\/li>\n<li>Compliance with and implementation of all hygiene and quality standards<\/li>\n<\/ul>\n<h2><b> <\/b><\/h2>\n<p><strong>What You May Already Bring<\/strong><b><\/b><\/p>\n<ul>\n<li>Ideally, training as a sterilization assistant or comparable qualification<\/li>\n<li>Alternatively, initial experience handling sterile goods (e.g., Specialist Knowledge Course I)<\/li>\n<li>Careful, structured, and responsible work approach<\/li>\n<li>Team spirit and reliability<\/li>\n<li>Interest in working in a veterinary medical environment<\/li>\n<\/ul>\n<p>&nbsp;<\/p>\n<p><strong>What Awaits You With Us<\/strong><\/p>\n<ul>\n<li>A friendly, dedicated team<\/li>\n<li>Structured onboarding<\/li>\n<li>Continuing education and professional development opportunities<\/li>\n<li>Digital time tracking &amp; overtime compensation<\/li>\n<li>Modern equipment and an exciting work environment in the surgical area<\/li>\n<li>Company pension plan &amp; supplementary insurance<\/li>\n<li>Excellent public transport connections: stop in immediate vicinity<\/li>\n<\/ul>\n<p><strong><br \/>\nApplication<br \/>\n<\/strong><\/p>\n<p>Would you like to become part of our team and work with us to care for our animal patients? Then we look forward to receiving your application! <\/p>\n<p>\ud83d\udce7 bewerbung@vetzentrum-koeln.de<\/p>\n<p><strong> <\/strong>[\/vc_column_text][\/vc_column_inner][vc_column_inner width=&#8221;1\/2&#8243;][vc_column_text][\/vc_column_text][\/vc_column_inner][\/vc_row_inner][\/vc_column][\/vc_row][vc_row disable_element=&#8221;yes&#8221; css=&#8221;.vc_custom_1768830354150{margin-top: -100px !important;padding-top: 20px !important;padding-right: 40px !important;padding-left: 40px !important;background-color: rgba(255,255,255,0.93) !important;*background-color: rgb(255,255,255) !important;}&#8221;][vc_column][vc_row_inner][vc_column_inner width=&#8221;1\/2&#8243;][vc_column_text css_animation=&#8221;fadeIn&#8221; css=&#8221;&#8221;]<\/p>\n<h2><b>Cleaning Staff (m\/f\/d) Mini-Job<\/b><\/h2>\n<p>We are looking for cleaning staff for our modern veterinary clinic in Cologne.<\/p>\n<h3>Your responsibilities include:<\/h3>\n<ul>\n<li>Regular cleaning of<\/li>\n<li>Floors and surfaces<\/li>\n<li>Sanitary facilities (customer and employee restrooms)<\/li>\n<li>Employee kitchen<\/li>\n<li>Disposal of waste and trash<\/li>\n<li>Weekly sweeping of the entrance area<\/li>\n<li>Watering the plants<\/li>\n<li>Cleaning of window surfaces every three months<\/li>\n<li>Working hours by arrangement between 6-8 AM alternatively<\/li>\n<li>Scope: at least 4 times per week (Monday-Saturday), 2 hours each<\/li>\n<\/ul>\n<h3>We expect:<\/h3>\n<ul>\n<li>Absolute punctuality and reliability<\/li>\n<li>Basic knowledge of German (alternatively fluent English)<\/li>\n<li>No fear of dogs<\/li>\n<li>Careful work<\/li>\n<\/ul>\n<p>[\/vc_column_text][vc_column_text]<\/p>\n<p class=\"p1\">Please send your application by email to <span class=\"s1\"><a href=\"mailto:bewerbung@vetzentrum-koeln.de\">bewerbung@vetzentrum-koeln.de<\/a><span class=\"Apple-converted-space\"><br \/>\n<\/span><\/span>or send your application documents with the reference -Application- in writing to<\/p>\n<p>Vet Zentrum K\u00f6ln<br \/>\nScheidtweilerstr. 19<br \/>\n50933 Cologne <span class=\"Apple-converted-space\"> <\/span>[\/vc_column_text][\/vc_column_inner][vc_column_inner width=&#8221;1\/2&#8243;][vc_column_text][\/vc_column_text][\/vc_column_inner][\/vc_row_inner][\/vc_column][\/vc_row][vc_row full_width=&#8221;stretch_row&#8221; css=&#8221;.vc_custom_1636449736258{padding-top: 40px !important;padding-bottom: 40px !important;background-color: #b5b5b5 !important;}&#8221;][vc_column][vc_column_text el_class=&#8221;white&#8221;]<\/p>\n<h2 style=\"text-align: center;\"><strong>Do you have questions about our services?<br \/>\nSend us an <a href=\"mailto:info@vetzentrum-koeln.de\">email<\/a> or call us<\/strong><\/h2>\n<h3 style=\"text-align: center;\">0221 &#8211; 545764<\/h3>\n<p>[\/vc_column_text][\/vc_column][\/vc_row]<\/p>\n<\/div>","protected":false},"excerpt":{"rendered":"<p>[vc_row css=&#8221;.vc_custom_1636450784221{margin-top: -100px !important;padding-top: 20px !important;padding-right: 40px !important;padding-left: 40px !important;background-color: rgba(255,255,255,0.93) !important;*background-color: rgb(255,255,255) !important;}&#8221;][vc_column][vc_row_inner][vc_column_inner width=&#8221;1\/2&#8243;][vc_column_text css_animation=&#8221;fadeIn&#8221; css=&#8221;&#8221;] Sterilization Assistant (m\/f\/d) \u2013 Part-Time\/Full-Time &nbsp; About Us: Vet<span class=\"excerpt-hellip\"> [\u2026]<\/span><\/p>\n","protected":false},"author":3,"featured_media":0,"parent":2308,"menu_order":0,"comment_status":"closed","ping_status":"closed","template":"","meta":{"inline_featured_image":false,"footnotes":""},"class_list":["post-2029","page","type-page","status-publish","hentry"],"yoast_head":"<!-- This site is optimized with the Yoast SEO plugin v27.4 - https:\/\/yoast.com\/product\/yoast-seo-wordpress\/ -->\n<title>Sterilization Assistant - Vet Zentrum K\u00f6ln<\/title>\n<meta name=\"description\" content=\"Erfahren Sie mehr \u00fcber Sterilization Assistant \u2013 Vet Zentrum K\u00f6ln\" \/>\n<meta name=\"robots\" content=\"index, follow, max-snippet:-1, max-image-preview:large, max-video-preview:-1\" \/>\n<link rel=\"canonical\" href=\"https:\/\/www.vetzentrum-koeln.de\/en\/job-openings\/sterilization-assistant\/\" \/>\n<meta property=\"og:locale\" content=\"en_US\" \/>\n<meta property=\"og:type\" content=\"article\" \/>\n<meta property=\"og:title\" content=\"Sterilization Assistant - Vet Zentrum K\u00f6ln\" \/>\n<meta property=\"og:description\" content=\"Erfahren Sie mehr \u00fcber Sterilization Assistant \u2013 Vet Zentrum K\u00f6ln\" \/>\n<meta property=\"og:url\" content=\"https:\/\/www.vetzentrum-koeln.de\/en\/job-openings\/sterilization-assistant\/\" \/>\n<meta property=\"og:site_name\" content=\"Vet Zentrum K\u00f6ln\" \/>\n<meta property=\"article:publisher\" content=\"https:\/\/www.facebook.com\/pages\/VetZentrumInKln\/374677943082118\/#\" \/>\n<meta property=\"article:modified_time\" content=\"2026-04-20T12:21:52+00:00\" \/>\n<meta name=\"twitter:card\" content=\"summary_large_image\" \/>\n<meta name=\"twitter:label1\" content=\"Est. reading time\" \/>\n\t<meta name=\"twitter:data1\" content=\"3 minutes\" \/>\n<script type=\"application\/ld+json\" class=\"yoast-schema-graph\">{\"@context\":\"https:\\\/\\\/schema.org\",\"@graph\":[{\"@type\":\"WebPage\",\"@id\":\"https:\\\/\\\/www.vetzentrum-koeln.de\\\/en\\\/job-openings\\\/sterilization-assistant\\\/\",\"url\":\"https:\\\/\\\/www.vetzentrum-koeln.de\\\/en\\\/job-openings\\\/sterilization-assistant\\\/\",\"name\":\"Sterilization Assistant - Vet Zentrum K\u00f6ln\",\"isPartOf\":{\"@id\":\"https:\\\/\\\/www.vetzentrum-koeln.de\\\/en\\\/#website\"},\"datePublished\":\"2026-03-30T15:04:35+00:00\",\"dateModified\":\"2026-04-20T12:21:52+00:00\",\"description\":\"Erfahren Sie mehr \u00fcber Sterilization Assistant \u2013 Vet Zentrum K\u00f6ln\",\"breadcrumb\":{\"@id\":\"https:\\\/\\\/www.vetzentrum-koeln.de\\\/en\\\/job-openings\\\/sterilization-assistant\\\/#breadcrumb\"},\"inLanguage\":\"en-US\",\"potentialAction\":[{\"@type\":\"ReadAction\",\"target\":[\"https:\\\/\\\/www.vetzentrum-koeln.de\\\/en\\\/job-openings\\\/sterilization-assistant\\\/\"]}]},{\"@type\":\"BreadcrumbList\",\"@id\":\"https:\\\/\\\/www.vetzentrum-koeln.de\\\/en\\\/job-openings\\\/sterilization-assistant\\\/#breadcrumb\",\"itemListElement\":[{\"@type\":\"ListItem\",\"position\":1,\"name\":\"Startseite\",\"item\":\"https:\\\/\\\/www.vetzentrum-koeln.de\\\/en\\\/\"},{\"@type\":\"ListItem\",\"position\":2,\"name\":\"Job Openings\",\"item\":\"https:\\\/\\\/www.vetzentrum-koeln.de\\\/en\\\/job-openings\\\/\"},{\"@type\":\"ListItem\",\"position\":3,\"name\":\"Sterilization Assistant\"}]},{\"@type\":\"WebSite\",\"@id\":\"https:\\\/\\\/www.vetzentrum-koeln.de\\\/en\\\/#website\",\"url\":\"https:\\\/\\\/www.vetzentrum-koeln.de\\\/en\\\/\",\"name\":\"Vetzentrum K\u00f6ln\",\"description\":\"Tier\u00e4rztliche Klinik f\u00fcr Kleintiere - 24 Stunden Notdienst\",\"publisher\":{\"@id\":\"https:\\\/\\\/www.vetzentrum-koeln.de\\\/en\\\/#organization\"},\"potentialAction\":[{\"@type\":\"SearchAction\",\"target\":{\"@type\":\"EntryPoint\",\"urlTemplate\":\"https:\\\/\\\/www.vetzentrum-koeln.de\\\/en\\\/?s={search_term_string}\"},\"query-input\":{\"@type\":\"PropertyValueSpecification\",\"valueRequired\":true,\"valueName\":\"search_term_string\"}}],\"inLanguage\":\"en-US\"},{\"@type\":\"Organization\",\"@id\":\"https:\\\/\\\/www.vetzentrum-koeln.de\\\/en\\\/#organization\",\"name\":\"Vetzentrum K\u00f6ln\",\"url\":\"https:\\\/\\\/www.vetzentrum-koeln.de\\\/en\\\/\",\"logo\":{\"@type\":\"ImageObject\",\"inLanguage\":\"en-US\",\"@id\":\"https:\\\/\\\/www.vetzentrum-koeln.de\\\/en\\\/#\\\/schema\\\/logo\\\/image\\\/\",\"url\":\"https:\\\/\\\/www.vetzentrum-koeln.de\\\/wp-content\\\/uploads\\\/2022\\\/01\\\/Logo_verdana_22.svg\",\"contentUrl\":\"https:\\\/\\\/www.vetzentrum-koeln.de\\\/wp-content\\\/uploads\\\/2022\\\/01\\\/Logo_verdana_22.svg\",\"width\":\"1024\",\"height\":\"1024\",\"caption\":\"Vetzentrum K\u00f6ln\"},\"image\":{\"@id\":\"https:\\\/\\\/www.vetzentrum-koeln.de\\\/en\\\/#\\\/schema\\\/logo\\\/image\\\/\"},\"sameAs\":[\"https:\\\/\\\/www.facebook.com\\\/pages\\\/VetZentrumInKln\\\/374677943082118\\\/#\"]}]}<\/script>\n<!-- \/ Yoast SEO plugin. -->","yoast_head_json":{"title":"Sterilization Assistant - Vet Zentrum K\u00f6ln","description":"Erfahren Sie mehr \u00fcber Sterilization Assistant \u2013 Vet Zentrum K\u00f6ln","robots":{"index":"index","follow":"follow","max-snippet":"max-snippet:-1","max-image-preview":"max-image-preview:large","max-video-preview":"max-video-preview:-1"},"canonical":"https:\/\/www.vetzentrum-koeln.de\/en\/job-openings\/sterilization-assistant\/","og_locale":"en_US","og_type":"article","og_title":"Sterilization Assistant - Vet Zentrum K\u00f6ln","og_description":"Erfahren Sie mehr \u00fcber Sterilization Assistant \u2013 Vet Zentrum K\u00f6ln","og_url":"https:\/\/www.vetzentrum-koeln.de\/en\/job-openings\/sterilization-assistant\/","og_site_name":"Vet Zentrum K\u00f6ln","article_publisher":"https:\/\/www.facebook.com\/pages\/VetZentrumInKln\/374677943082118\/#","article_modified_time":"2026-04-20T12:21:52+00:00","twitter_card":"summary_large_image","twitter_misc":{"Est. reading time":"3 minutes"},"schema":{"@context":"https:\/\/schema.org","@graph":[{"@type":"WebPage","@id":"https:\/\/www.vetzentrum-koeln.de\/en\/job-openings\/sterilization-assistant\/","url":"https:\/\/www.vetzentrum-koeln.de\/en\/job-openings\/sterilization-assistant\/","name":"Sterilization Assistant - Vet Zentrum K\u00f6ln","isPartOf":{"@id":"https:\/\/www.vetzentrum-koeln.de\/en\/#website"},"datePublished":"2026-03-30T15:04:35+00:00","dateModified":"2026-04-20T12:21:52+00:00","description":"Erfahren Sie mehr \u00fcber Sterilization Assistant \u2013 Vet Zentrum K\u00f6ln","breadcrumb":{"@id":"https:\/\/www.vetzentrum-koeln.de\/en\/job-openings\/sterilization-assistant\/#breadcrumb"},"inLanguage":"en-US","potentialAction":[{"@type":"ReadAction","target":["https:\/\/www.vetzentrum-koeln.de\/en\/job-openings\/sterilization-assistant\/"]}]},{"@type":"BreadcrumbList","@id":"https:\/\/www.vetzentrum-koeln.de\/en\/job-openings\/sterilization-assistant\/#breadcrumb","itemListElement":[{"@type":"ListItem","position":1,"name":"Startseite","item":"https:\/\/www.vetzentrum-koeln.de\/en\/"},{"@type":"ListItem","position":2,"name":"Job Openings","item":"https:\/\/www.vetzentrum-koeln.de\/en\/job-openings\/"},{"@type":"ListItem","position":3,"name":"Sterilization Assistant"}]},{"@type":"WebSite","@id":"https:\/\/www.vetzentrum-koeln.de\/en\/#website","url":"https:\/\/www.vetzentrum-koeln.de\/en\/","name":"Vetzentrum K\u00f6ln","description":"Tier\u00e4rztliche Klinik f\u00fcr Kleintiere - 24 Stunden Notdienst","publisher":{"@id":"https:\/\/www.vetzentrum-koeln.de\/en\/#organization"},"potentialAction":[{"@type":"SearchAction","target":{"@type":"EntryPoint","urlTemplate":"https:\/\/www.vetzentrum-koeln.de\/en\/?s={search_term_string}"},"query-input":{"@type":"PropertyValueSpecification","valueRequired":true,"valueName":"search_term_string"}}],"inLanguage":"en-US"},{"@type":"Organization","@id":"https:\/\/www.vetzentrum-koeln.de\/en\/#organization","name":"Vetzentrum K\u00f6ln","url":"https:\/\/www.vetzentrum-koeln.de\/en\/","logo":{"@type":"ImageObject","inLanguage":"en-US","@id":"https:\/\/www.vetzentrum-koeln.de\/en\/#\/schema\/logo\/image\/","url":"https:\/\/www.vetzentrum-koeln.de\/wp-content\/uploads\/2022\/01\/Logo_verdana_22.svg","contentUrl":"https:\/\/www.vetzentrum-koeln.de\/wp-content\/uploads\/2022\/01\/Logo_verdana_22.svg","width":"1024","height":"1024","caption":"Vetzentrum K\u00f6ln"},"image":{"@id":"https:\/\/www.vetzentrum-koeln.de\/en\/#\/schema\/logo\/image\/"},"sameAs":["https:\/\/www.facebook.com\/pages\/VetZentrumInKln\/374677943082118\/#"]}]}},"_links":{"self":[{"href":"https:\/\/www.vetzentrum-koeln.de\/en\/wp-json\/wp\/v2\/pages\/2029","targetHints":{"allow":["GET"]}}],"collection":[{"href":"https:\/\/www.vetzentrum-koeln.de\/en\/wp-json\/wp\/v2\/pages"}],"about":[{"href":"https:\/\/www.vetzentrum-koeln.de\/en\/wp-json\/wp\/v2\/types\/page"}],"author":[{"embeddable":true,"href":"https:\/\/www.vetzentrum-koeln.de\/en\/wp-json\/wp\/v2\/users\/3"}],"replies":[{"embeddable":true,"href":"https:\/\/www.vetzentrum-koeln.de\/en\/wp-json\/wp\/v2\/comments?post=2029"}],"version-history":[{"count":1,"href":"https:\/\/www.vetzentrum-koeln.de\/en\/wp-json\/wp\/v2\/pages\/2029\/revisions"}],"predecessor-version":[{"id":2032,"href":"https:\/\/www.vetzentrum-koeln.de\/en\/wp-json\/wp\/v2\/pages\/2029\/revisions\/2032"}],"up":[{"embeddable":true,"href":"https:\/\/www.vetzentrum-koeln.de\/en\/wp-json\/wp\/v2\/pages\/2308"}],"wp:attachment":[{"href":"https:\/\/www.vetzentrum-koeln.de\/en\/wp-json\/wp\/v2\/media?parent=2029"}],"curies":[{"name":"wp","href":"https:\/\/api.w.org\/{rel}","templated":true}]}}