{"id":2057,"date":"2021-11-15T13:15:05","date_gmt":"2021-11-15T12:15:05","guid":{"rendered":"https:\/\/www.vetzentrum-koeln.de\/orthopedics\/"},"modified":"2026-04-17T13:32:41","modified_gmt":"2026-04-17T11:32:41","slug":"orthopedics","status":"publish","type":"page","link":"https:\/\/www.vetzentrum-koeln.de\/en\/orthopedics\/","title":{"rendered":"Orthopedics"},"content":{"rendered":"<div class=\"wpb-content-wrapper\"><p>[vc_row css=&#8221;.vc_custom_1636450784221{margin-top: -100px !important;padding-top: 20px !important;padding-right: 40px !important;padding-left: 40px !important;background-color: rgba(255,255,255,0.93) !important;*background-color: rgb(255,255,255) !important;}&#8221;][vc_column][vc_row_inner][vc_column_inner width=&#8221;2\/3&#8243;][vc_column_text css_animation=&#8221;fadeIn&#8221;]<\/p>\n<h2>Orthopedics is a central focus of Vet Zentrum K\u00f6ln.<\/h2>\n<p>The treatment of a patient with lameness or gait disorders begins with a thorough orthopedic examination by our specialized colleagues. In addition to a modern CT scanner, which provides results in a short time, we can detect the smallest changes in the skeletal system using digital X-ray technology. Additionally, we have the ability to visualize even subtle changes in muscles or tendons using ultrasound.  <\/p>\n<p>Depending on the findings, we offer our patients conservative or surgical treatment options at the highest level.<\/p>\n<p>Our surgical spectrum ranges from all forms of bone surgery (fracture treatment, corrective osteotomies) and arthroscopy (joint endoscopy of the elbow, knee, and hip) to extensive joint surgery (cruciate ligament surgery using TPLO or extracapsular fixation, arthrodesis). As part of conservative therapy, we offer a dedicated pain management clinic.[\/vc_column_text][vc_column_text]<\/p>\n<p class=\"p1\">Bone surgery<span class=\"Apple-converted-space\"> <\/span><\/p>\n<ul class=\"ul1\">\n<li class=\"li2\">Fracture treatment<span class=\"Apple-converted-space\"> <\/span><\/li>\n<li class=\"li2\">Corrective osteotomies<span class=\"Apple-converted-space\"> <\/span><\/li>\n<li class=\"li2\">Ligament and tendon reconstruction<span class=\"Apple-converted-space\"> <\/span><\/li>\n<li class=\"li2\">Plate osteosynthesis (standard, locking, MIPO)<span class=\"Apple-converted-space\"> <\/span><\/li>\n<li class=\"li3\">External fixator<span class=\"Apple-converted-space\"> <\/span><\/li>\n<\/ul>\n<p class=\"p1\">Joint surgery:<span class=\"Apple-converted-space\"> <\/span><\/p>\n<ul class=\"ul1\">\n<li class=\"li5\">Arthroscopy (joint endoscopy of the elbow, knee, and hip)<span class=\"Apple-converted-space\"> <\/span><\/li>\n<li class=\"li5\">Cruciate ligament surgery using TPLO or extracapsular fixation<span class=\"Apple-converted-space\"> <\/span><\/li>\n<li class=\"li3\">Arthrodesis<span class=\"Apple-converted-space\"> <\/span><\/li>\n<\/ul>\n<p class=\"p1\">Neurosurgery:<span class=\"Apple-converted-space\"> <\/span><\/p>\n<ul class=\"ul1\">\n<li class=\"li5\">Spinal surgery (herniated discs, arachnoid diverticula, cauda equina compression syndrome, Wobbler syndrome)<span class=\"Apple-converted-space\"> <\/span><\/li>\n<li class=\"li3\">Tumor surgery (spine, brain, peripheral nerves)<span class=\"Apple-converted-space\"> <\/span><\/li>\n<li class=\"li2\">Correction of congenital malformations (hydrocephalus, atlanto-axial subluxation)<span class=\"Apple-converted-space\"> <\/span><\/li>\n<li class=\"li3\">Spinal fracture management<span class=\"Apple-converted-space\"> <\/span><\/li>\n<\/ul>\n<p>[\/vc_column_text][\/vc_column_inner][vc_column_inner width=&#8221;1\/3&#8243;][vc_single_image image=&#8221;773&#8243; img_size=&#8221;full&#8221; alignment=&#8221;right&#8221; style=&#8221;vc_box_shadow_3d&#8221; css_animation=&#8221;fadeIn&#8221; css=&#8221;.vc_custom_1664891383626{margin-bottom: 10px !important;border-bottom-width: 0px !important;padding-bottom: 0px !important;}&#8221;][\/vc_column_inner][\/vc_row_inner][\/vc_column][\/vc_row][vc_row full_width=&#8221;stretch_row&#8221; css=&#8221;.vc_custom_1636449736258{padding-top: 40px !important;padding-bottom: 40px !important;background-color: #b5b5b5 !important;}&#8221;][vc_column][vc_column_text el_class=&#8221;white&#8221;]<\/p>\n<h2 style=\"text-align: center;\"><strong>Do you have any questions about our services?<br \/>\nSend us an <a href=\"mailto:info@vetzentrum-koeln.de\">email<\/a> or give us a call<\/strong><\/h2>\n<h3 style=\"text-align: center;\"><a href=\"tel:0221545764\">0221 &#8211; 545764<\/a><\/h3>\n<p>[\/vc_column_text][\/vc_column][\/vc_row]<\/p>\n<\/div>","protected":false},"excerpt":{"rendered":"<p>[vc_row css=&#8221;.vc_custom_1636450784221{margin-top: -100px !important;padding-top: 20px !important;padding-right: 40px !important;padding-left: 40px !important;background-color: rgba(255,255,255,0.93) !important;*background-color: rgb(255,255,255) !important;}&#8221;][vc_column][vc_row_inner][vc_column_inner width=&#8221;2\/3&#8243;][vc_column_text css_animation=&#8221;fadeIn&#8221;] Orthopedics is a central focus of Vet Zentrum K\u00f6ln. The<span class=\"excerpt-hellip\"> [\u2026]<\/span><\/p>\n","protected":false},"author":1,"featured_media":0,"parent":0,"menu_order":0,"comment_status":"closed","ping_status":"closed","template":"","meta":{"inline_featured_image":false,"footnotes":""},"class_list":["post-2057","page","type-page","status-publish","hentry"],"yoast_head":"<!-- This site is optimized with the Yoast SEO plugin v27.4 - https:\/\/yoast.com\/product\/yoast-seo-wordpress\/ -->\n<title>Orthopedics - Vet Zentrum K\u00f6ln<\/title>\n<meta name=\"description\" content=\"Erfahren Sie mehr \u00fcber Orthopedics \u2013 Vet Zentrum K\u00f6ln\" \/>\n<meta name=\"robots\" content=\"index, follow, max-snippet:-1, max-image-preview:large, max-video-preview:-1\" \/>\n<link rel=\"canonical\" href=\"https:\/\/www.vetzentrum-koeln.de\/en\/orthopedics\/\" \/>\n<meta property=\"og:locale\" content=\"en_US\" \/>\n<meta property=\"og:type\" content=\"article\" \/>\n<meta property=\"og:title\" content=\"Orthopedics - Vet Zentrum K\u00f6ln\" \/>\n<meta property=\"og:description\" content=\"Erfahren Sie mehr \u00fcber Orthopedics \u2013 Vet Zentrum K\u00f6ln\" \/>\n<meta property=\"og:url\" content=\"https:\/\/www.vetzentrum-koeln.de\/en\/orthopedics\/\" \/>\n<meta property=\"og:site_name\" content=\"Vet Zentrum K\u00f6ln\" \/>\n<meta property=\"article:publisher\" content=\"https:\/\/www.facebook.com\/pages\/VetZentrumInKln\/374677943082118\/#\" \/>\n<meta property=\"article:modified_time\" content=\"2026-04-17T11:32:41+00:00\" \/>\n<meta name=\"twitter:card\" content=\"summary_large_image\" \/>\n<meta name=\"twitter:label1\" content=\"Est. reading time\" \/>\n\t<meta name=\"twitter:data1\" content=\"2 minutes\" \/>\n<script type=\"application\/ld+json\" class=\"yoast-schema-graph\">{\"@context\":\"https:\\\/\\\/schema.org\",\"@graph\":[{\"@type\":\"WebPage\",\"@id\":\"https:\\\/\\\/www.vetzentrum-koeln.de\\\/en\\\/orthopedics\\\/\",\"url\":\"https:\\\/\\\/www.vetzentrum-koeln.de\\\/en\\\/orthopedics\\\/\",\"name\":\"Orthopedics - Vet Zentrum K\u00f6ln\",\"isPartOf\":{\"@id\":\"https:\\\/\\\/www.vetzentrum-koeln.de\\\/en\\\/#website\"},\"datePublished\":\"2021-11-15T12:15:05+00:00\",\"dateModified\":\"2026-04-17T11:32:41+00:00\",\"description\":\"Erfahren Sie mehr \u00fcber Orthopedics \u2013 Vet Zentrum K\u00f6ln\",\"breadcrumb\":{\"@id\":\"https:\\\/\\\/www.vetzentrum-koeln.de\\\/en\\\/orthopedics\\\/#breadcrumb\"},\"inLanguage\":\"en-US\",\"potentialAction\":[{\"@type\":\"ReadAction\",\"target\":[\"https:\\\/\\\/www.vetzentrum-koeln.de\\\/en\\\/orthopedics\\\/\"]}]},{\"@type\":\"BreadcrumbList\",\"@id\":\"https:\\\/\\\/www.vetzentrum-koeln.de\\\/en\\\/orthopedics\\\/#breadcrumb\",\"itemListElement\":[{\"@type\":\"ListItem\",\"position\":1,\"name\":\"Startseite\",\"item\":\"https:\\\/\\\/www.vetzentrum-koeln.de\\\/en\\\/\"},{\"@type\":\"ListItem\",\"position\":2,\"name\":\"Orthopedics\"}]},{\"@type\":\"WebSite\",\"@id\":\"https:\\\/\\\/www.vetzentrum-koeln.de\\\/en\\\/#website\",\"url\":\"https:\\\/\\\/www.vetzentrum-koeln.de\\\/en\\\/\",\"name\":\"Vetzentrum K\u00f6ln\",\"description\":\"Tier\u00e4rztliche Klinik f\u00fcr Kleintiere - 24 Stunden Notdienst\",\"publisher\":{\"@id\":\"https:\\\/\\\/www.vetzentrum-koeln.de\\\/en\\\/#organization\"},\"potentialAction\":[{\"@type\":\"SearchAction\",\"target\":{\"@type\":\"EntryPoint\",\"urlTemplate\":\"https:\\\/\\\/www.vetzentrum-koeln.de\\\/en\\\/?s={search_term_string}\"},\"query-input\":{\"@type\":\"PropertyValueSpecification\",\"valueRequired\":true,\"valueName\":\"search_term_string\"}}],\"inLanguage\":\"en-US\"},{\"@type\":\"Organization\",\"@id\":\"https:\\\/\\\/www.vetzentrum-koeln.de\\\/en\\\/#organization\",\"name\":\"Vetzentrum K\u00f6ln\",\"url\":\"https:\\\/\\\/www.vetzentrum-koeln.de\\\/en\\\/\",\"logo\":{\"@type\":\"ImageObject\",\"inLanguage\":\"en-US\",\"@id\":\"https:\\\/\\\/www.vetzentrum-koeln.de\\\/en\\\/#\\\/schema\\\/logo\\\/image\\\/\",\"url\":\"https:\\\/\\\/www.vetzentrum-koeln.de\\\/wp-content\\\/uploads\\\/2022\\\/01\\\/Logo_verdana_22.svg\",\"contentUrl\":\"https:\\\/\\\/www.vetzentrum-koeln.de\\\/wp-content\\\/uploads\\\/2022\\\/01\\\/Logo_verdana_22.svg\",\"width\":\"1024\",\"height\":\"1024\",\"caption\":\"Vetzentrum K\u00f6ln\"},\"image\":{\"@id\":\"https:\\\/\\\/www.vetzentrum-koeln.de\\\/en\\\/#\\\/schema\\\/logo\\\/image\\\/\"},\"sameAs\":[\"https:\\\/\\\/www.facebook.com\\\/pages\\\/VetZentrumInKln\\\/374677943082118\\\/#\"]}]}<\/script>\n<!-- \/ Yoast SEO plugin. -->","yoast_head_json":{"title":"Orthopedics - Vet Zentrum K\u00f6ln","description":"Erfahren Sie mehr \u00fcber Orthopedics \u2013 Vet Zentrum K\u00f6ln","robots":{"index":"index","follow":"follow","max-snippet":"max-snippet:-1","max-image-preview":"max-image-preview:large","max-video-preview":"max-video-preview:-1"},"canonical":"https:\/\/www.vetzentrum-koeln.de\/en\/orthopedics\/","og_locale":"en_US","og_type":"article","og_title":"Orthopedics - Vet Zentrum K\u00f6ln","og_description":"Erfahren Sie mehr \u00fcber Orthopedics \u2013 Vet Zentrum K\u00f6ln","og_url":"https:\/\/www.vetzentrum-koeln.de\/en\/orthopedics\/","og_site_name":"Vet Zentrum K\u00f6ln","article_publisher":"https:\/\/www.facebook.com\/pages\/VetZentrumInKln\/374677943082118\/#","article_modified_time":"2026-04-17T11:32:41+00:00","twitter_card":"summary_large_image","twitter_misc":{"Est. reading time":"2 minutes"},"schema":{"@context":"https:\/\/schema.org","@graph":[{"@type":"WebPage","@id":"https:\/\/www.vetzentrum-koeln.de\/en\/orthopedics\/","url":"https:\/\/www.vetzentrum-koeln.de\/en\/orthopedics\/","name":"Orthopedics - Vet Zentrum K\u00f6ln","isPartOf":{"@id":"https:\/\/www.vetzentrum-koeln.de\/en\/#website"},"datePublished":"2021-11-15T12:15:05+00:00","dateModified":"2026-04-17T11:32:41+00:00","description":"Erfahren Sie mehr \u00fcber Orthopedics \u2013 Vet Zentrum K\u00f6ln","breadcrumb":{"@id":"https:\/\/www.vetzentrum-koeln.de\/en\/orthopedics\/#breadcrumb"},"inLanguage":"en-US","potentialAction":[{"@type":"ReadAction","target":["https:\/\/www.vetzentrum-koeln.de\/en\/orthopedics\/"]}]},{"@type":"BreadcrumbList","@id":"https:\/\/www.vetzentrum-koeln.de\/en\/orthopedics\/#breadcrumb","itemListElement":[{"@type":"ListItem","position":1,"name":"Startseite","item":"https:\/\/www.vetzentrum-koeln.de\/en\/"},{"@type":"ListItem","position":2,"name":"Orthopedics"}]},{"@type":"WebSite","@id":"https:\/\/www.vetzentrum-koeln.de\/en\/#website","url":"https:\/\/www.vetzentrum-koeln.de\/en\/","name":"Vetzentrum K\u00f6ln","description":"Tier\u00e4rztliche Klinik f\u00fcr Kleintiere - 24 Stunden Notdienst","publisher":{"@id":"https:\/\/www.vetzentrum-koeln.de\/en\/#organization"},"potentialAction":[{"@type":"SearchAction","target":{"@type":"EntryPoint","urlTemplate":"https:\/\/www.vetzentrum-koeln.de\/en\/?s={search_term_string}"},"query-input":{"@type":"PropertyValueSpecification","valueRequired":true,"valueName":"search_term_string"}}],"inLanguage":"en-US"},{"@type":"Organization","@id":"https:\/\/www.vetzentrum-koeln.de\/en\/#organization","name":"Vetzentrum K\u00f6ln","url":"https:\/\/www.vetzentrum-koeln.de\/en\/","logo":{"@type":"ImageObject","inLanguage":"en-US","@id":"https:\/\/www.vetzentrum-koeln.de\/en\/#\/schema\/logo\/image\/","url":"https:\/\/www.vetzentrum-koeln.de\/wp-content\/uploads\/2022\/01\/Logo_verdana_22.svg","contentUrl":"https:\/\/www.vetzentrum-koeln.de\/wp-content\/uploads\/2022\/01\/Logo_verdana_22.svg","width":"1024","height":"1024","caption":"Vetzentrum K\u00f6ln"},"image":{"@id":"https:\/\/www.vetzentrum-koeln.de\/en\/#\/schema\/logo\/image\/"},"sameAs":["https:\/\/www.facebook.com\/pages\/VetZentrumInKln\/374677943082118\/#"]}]}},"_links":{"self":[{"href":"https:\/\/www.vetzentrum-koeln.de\/en\/wp-json\/wp\/v2\/pages\/2057","targetHints":{"allow":["GET"]}}],"collection":[{"href":"https:\/\/www.vetzentrum-koeln.de\/en\/wp-json\/wp\/v2\/pages"}],"about":[{"href":"https:\/\/www.vetzentrum-koeln.de\/en\/wp-json\/wp\/v2\/types\/page"}],"author":[{"embeddable":true,"href":"https:\/\/www.vetzentrum-koeln.de\/en\/wp-json\/wp\/v2\/users\/1"}],"replies":[{"embeddable":true,"href":"https:\/\/www.vetzentrum-koeln.de\/en\/wp-json\/wp\/v2\/comments?post=2057"}],"version-history":[{"count":6,"href":"https:\/\/www.vetzentrum-koeln.de\/en\/wp-json\/wp\/v2\/pages\/2057\/revisions"}],"predecessor-version":[{"id":2071,"href":"https:\/\/www.vetzentrum-koeln.de\/en\/wp-json\/wp\/v2\/pages\/2057\/revisions\/2071"}],"wp:attachment":[{"href":"https:\/\/www.vetzentrum-koeln.de\/en\/wp-json\/wp\/v2\/media?parent=2057"}],"curies":[{"name":"wp","href":"https:\/\/api.w.org\/{rel}","templated":true}]}}