{"id":2199,"date":"2021-10-20T12:22:26","date_gmt":"2021-10-20T10:22:26","guid":{"rendered":"https:\/\/www.vetzentrum-koeln.de\/emergencies\/"},"modified":"2026-04-20T14:23:00","modified_gmt":"2026-04-20T12:23:00","slug":"emergencies","status":"publish","type":"page","link":"https:\/\/www.vetzentrum-koeln.de\/en\/emergencies\/","title":{"rendered":"Emergencies"},"content":{"rendered":"<div class=\"wpb-content-wrapper\"><p>[vc_row css=&#8221;.vc_custom_1636450784221{margin-top: -100px !important;padding-top: 20px !important;padding-right: 40px !important;padding-left: 40px !important;background-color: rgba(255,255,255,0.93) !important;*background-color: rgb(255,255,255) !important;}&#8221;][vc_column][vc_row_inner][vc_column_inner width=&#8221;2\/3&#8243;][vc_column_text css_animation=&#8221;fadeIn&#8221; css=&#8221;&#8221;]<\/p>\n<h2><b>Veterinary Emergency Service Cologne \u2013<br \/>\n<\/b><b>24-hour help for animal emergencies<\/b><\/h2>\n<p>&nbsp;<\/p>\n<p><b>Call in case of emergency during office hours: <span style=\"color: #4193e4;\"><a style=\"color: #4193e4;\" href=\"tel:0221545764\">0221 \u2013 545764<\/a><\/span><\/b><\/p>\n<p><b><span style=\"color: #4193e4;\"><br \/>\n<\/span><\/b>On <strong>weekends<\/strong> and after office hours from 7 PM to 7 AM, we are <strong>not available by phone. <\/strong> <b><span style=\"color: #4193e4;\"><br \/>\n<\/span><\/b><\/p>\n<p>&nbsp;<\/p>\n<p><span style=\"font-weight: 400;\">When every minute counts: Our <\/span><b>veterinary emergency service in Cologne<\/b><span style=\"font-weight: 400;\"> is at your <\/span><b>disposal 365 days a year, 24 hours a day<\/b><span style=\"font-weight: 400;\">. Whether in the middle of the night, on weekends, or on public holidays. We are there for you and your pet.<\/span><\/p>\n<ul>\n<li style=\"font-weight: 400;\" aria-level=\"1\"><b>24h emergency service<\/b><span style=\"font-weight: 400;\"> with an experienced emergency crew<\/span><\/li>\n<li style=\"font-weight: 400;\" aria-level=\"1\"><b>Central location <\/b>in <b>Cologne Braunsfeld<\/b><\/li>\n<li style=\"font-weight: 400;\" aria-level=\"1\"><b>Modern intensive care unit &amp; diagnostics <\/b>around the clock<\/li>\n<li style=\"font-weight: 400;\" aria-level=\"1\"><span style=\"font-weight: 400;\">For <\/span><b>dogs &amp; cats<\/b><span style=\"font-weight: 400;\"> \u2013 at any time<\/span><\/li>\n<\/ul>\n<p>[\/vc_column_text][vc_separator css=&#8221;&#8221;][vc_column_text css=&#8221;&#8221;]<\/p>\n<h4><b>Recognizing emergency situations in animals<\/b><\/h4>\n<p><span style=\"font-weight: 400;\">Ask yourself: <\/span><i><span style=\"font-weight: 400;\">&#8220;Is this an emergency?&#8221;<\/span><\/i><span style=\"font-weight: 400;\"> \u2013 You should take these symptoms seriously:<\/span><\/p>\n<p>&nbsp;<\/p>\n<h5><b>Typical emergencies in dogs &amp; cats<\/b><\/h5>\n<ul>\n<li style=\"font-weight: 400;\" aria-level=\"1\"><span style=\"font-weight: 400;\">Loss of consciousness<\/span><\/li>\n<li style=\"font-weight: 400;\" aria-level=\"1\"><span style=\"font-weight: 400;\">Shortness of breath <\/span><span style=\"font-weight: 400;\">or heavy breathing<\/span><\/li>\n<li style=\"font-weight: 400;\" aria-level=\"1\"><span style=\"font-weight: 400;\">Severe bleeding\/open wounds<\/span><\/li>\n<li style=\"font-weight: 400;\" aria-level=\"1\"><span style=\"font-weight: 400;\">Very light or pale mucous membranes<\/span><\/li>\n<li style=\"font-weight: 400;\" aria-level=\"1\"><span style=\"font-weight: 400;\">Seizures <\/span><\/li>\n<li style=\"font-weight: 400;\" aria-level=\"1\"><span style=\"font-weight: 400;\">Problems urinating<\/span><\/li>\n<li style=\"font-weight: 400;\" aria-level=\"1\"><span style=\"font-weight: 400;\">Diarrhea or vomiting (bloody\/persistent)<\/span><\/li>\n<li style=\"font-weight: 400;\" aria-level=\"1\"><span style=\"font-weight: 400;\">Sudden paralysis<\/span><\/li>\n<li style=\"font-weight: 400;\" aria-level=\"1\"><span style=\"font-weight: 400;\">Eye injury<\/span><\/li>\n<li style=\"font-weight: 400;\" aria-level=\"1\"><span style=\"font-weight: 400;\">Ingestion of foreign <\/span><span style=\"font-weight: 400;\">bodies<\/span><span style=\"font-weight: 400;\"> and toxins<\/span><\/li>\n<li style=\"font-weight: 400;\" aria-level=\"1\"><span style=\"font-weight: 400;\">Scalds, burns, or heat stroke<\/span><\/li>\n<li style=\"font-weight: 400;\" aria-level=\"1\"><span style=\"font-weight: 400;\">Fractures\/breaks of any kind<\/span><\/li>\n<\/ul>\n<p>&nbsp;<\/p>\n<p><b>Tip:<\/b><span style=\"font-weight: 400;\"> If you are unsure \u2013 it is better to call once more!<br \/>\nD<\/span><span style=\"font-weight: 400;\">uring office hours: <\/span><span style=\"color: #4193e4;\"><a style=\"color: #4193e4;\" href=\"tel:0221545764\"><b>0221 \u2013 545764<\/b><\/a><\/span>[\/vc_column_text][\/vc_column_inner][vc_column_inner width=&#8221;1\/3&#8243;][vc_gallery interval=&#8221;3&#8243; images=&#8221;799,792,794,793,795,2017,791&#8243; img_size=&#8221;full&#8221; css=&#8221;&#8221;][vc_column_text css_animation=&#8221;fadeIn&#8221; css=&#8221;.vc_custom_1772626600786{margin-top: 0px !important;border-top-width: 0px !important;padding-top: 0px !important;}&#8221;]<\/p>\n<p data-start=\"119\" data-end=\"161\"><span style=\"color: #000000;\"><strong data-start=\"119\" data-end=\"161\">Information for patients<\/strong><\/span><\/p>\n<p data-start=\"163\" data-end=\"450\">Due to the increasingly restricted emergency service provision in the North Rhine district and the associated higher patient volume in our clinic, patients with non-life-threatening illnesses must expect <strong>significant waiting times of 4\u20136 hours<\/strong> in some cases.<\/p>\n<p data-start=\"452\" data-end=\"482\">We ask for your understanding.<\/p>\n<h2><\/h2>\n<p>[\/vc_column_text][vc_empty_space][vc_column_text css_animation=&#8221;fadeIn&#8221; css=&#8221;.vc_custom_1748860667756{margin-top: 0px !important;border-top-width: 0px !important;padding-top: 0px !important;}&#8221;]<\/p>\n<h5><b>Preparing for an emergency \u2013 How to help your pet<\/b><\/h5>\n<ul>\n<li style=\"font-weight: 400;\" aria-level=\"1\"><span style=\"font-weight: 400;\">Stay calm \u2013 animals sense stress<\/span><\/li>\n<li style=\"font-weight: 400;\" aria-level=\"1\"><span style=\"font-weight: 400;\">Bring documents (if possible):<\/span><\/li>\n<li style=\"font-weight: 400;\" aria-level=\"1\"><span style=\"font-weight: 400;\">Vaccination certificate, medication list, previous reports\/diagnoses<\/span><\/li>\n<li aria-level=\"1\"><span style=\"font-weight: 400;\">Do not provide any more food (unless instructed by a doctor)<\/span><\/li>\n<\/ul>\n<h2><\/h2>\n<p>[\/vc_column_text][\/vc_column_inner][\/vc_row_inner][vc_row_inner][vc_column_inner][vc_separator css=&#8221;&#8221;][vc_column_text css_animation=&#8221;fadeIn&#8221; css=&#8221;&#8221;]<\/p>\n<h4><b>What to expect during a visit to the veterinary emergency service in Cologne<\/b><\/h4>\n<p><span style=\"font-weight: 400;\">In emergency situations, we maintain an overview and work in a structured manner:<\/span><\/p>\n<ol>\n<li style=\"list-style-type: none;\">\n<ol>\n<li style=\"font-weight: 400;\" aria-level=\"1\"><b>Telephone pre-registration<\/b><span style=\"font-weight: 400;\"> (during office hours)<\/span><\/li>\n<li style=\"font-weight: 400;\" aria-level=\"1\"><b>Initial assessment on site (triage)<\/b><\/li>\n<li aria-level=\"1\"><b>Treatment order according to severity <\/b><\/li>\n<li aria-level=\"1\"><b>Rapid stabilization &amp; diagnostics<\/b><\/li>\n<li aria-level=\"1\"><b>Treatment or inpatient admission<\/b><\/li>\n<li aria-level=\"1\"><b>Transparent communication with you<\/b><\/li>\n<\/ol>\n<\/li>\n<\/ol>\n<p>&nbsp;<\/p>\n<p><span style=\"font-weight: 400;\">Please note: In the emergency service, patients are treated <\/span><b>according to urgency<\/b><span style=\"font-weight: 400;\">.<br \/>\nWaiting times of 4\u20136 hours can occur.<\/span>[\/vc_column_text][\/vc_column_inner][\/vc_row_inner][vc_row_inner][vc_column_inner][vc_separator css=&#8221;&#8221;][vc_column_text css=&#8221;.vc_custom_1748863142881{margin-bottom: 10px !important;}&#8221;]<\/p>\n<h4><b>FAQ &#8211; Frequently asked questions about the veterinary emergency service<\/b><\/h4>\n<p>[\/vc_column_text][vc_toggle title=&#8221;Which veterinarian has emergency duty in Cologne today?&#8221; css=&#8221;&#8221;]<span style=\"font-weight: 400;\"> \u2192 <\/span><span style=\"font-weight: 400;\">The Vet Zentrum K\u00f6ln offers 24h emergency service all year round \u2013 around the clock, 365 days a year<\/span><span style=\"font-weight: 400;\">.<\/span>[\/vc_toggle][vc_toggle title=&#8221;How much does the emergency service cost?&#8221; css=&#8221;&#8221;]<span style=\"font-weight: 400;\">  \u2192 Treatment is carried out at an increased GOT rate + statutory emergency service fee (\u20ac50 net).<\/span>[\/vc_toggle][vc_toggle title=&#8221;How do I recognize an emergency with my pet?&#8221; css=&#8221;&#8221;]<span style=\"font-weight: 400;\">  \u2192 Shortness of breath, seizures, severe injuries, unusual behavior \u2013 see list above.<\/span>[\/vc_toggle][vc_toggle title=&#8221;How long are the waiting times?&#8221; css=&#8221;&#8221;]<span style=\"font-weight: 400;\"> \u2192 <\/span><span style=\"font-weight: 400;\">Emergencies are treated according to urgency. Please expect longer waiting times (4\u20136 hours).<\/span>[\/vc_toggle][vc_toggle title=&#8221;Is there an intensive care unit for animals?&#8221; css=&#8221;&#8221;]<span style=\"font-weight: 400;\"> \u2192 Yes, our clinic team offers <\/span><b>intensive care<\/b><span style=\"font-weight: 400;\"> and monitoring overnight.<\/span>[\/vc_toggle][vc_toggle title=&#8221;Will my pet be admitted as an inpatient?&#8221; css=&#8221;&#8221;]<span style=\"font-weight: 400;\">  \u2192 If necessary, your pet will remain in our clinic for monitoring \u2013 with 24h veterinary care. <\/span>[\/vc_toggle][vc_column_text css=&#8221;&#8221;][\/vc_column_text][vc_separator css=&#8221;&#8221;][\/vc_column_inner][\/vc_row_inner][vc_row_inner][vc_column_inner width=&#8221;2\/3&#8243;][vc_column_text css=&#8221;&#8221;]<\/p>\n<h4><b>How to Find Us<\/b><\/h4>\n<p><b>Vet Zentrum K\u00f6ln<\/b><b><br \/>\n<\/b><span style=\"font-weight: 400;\">Scheidtweilerstra\u00dfe 19, 50933 Cologne<\/span><\/p>\n<p><span style=\"font-weight: 400;\">\ud83d\udcde <b>Telephone during office hours: <a href=\"tel:0221545764\">0221 \u2013 545764<\/a><\/b><b><br \/>\n<\/b>\ud83d\udce7 <span style=\"color: #4193e4;\"><a style=\"color: #4193e4;\" href=\"mailto:info@vetzentrum-koeln.de\">info@vetzentrum-koeln.de<\/a><\/span><\/span>[\/vc_column_text][vc_goo_maps location=&#8221;Vet Zentrum K\u00f6ln&#8221; zoom=&#8221;15&#8243; css=&#8221;&#8221;][\/vc_column_inner][vc_column_inner width=&#8221;1\/3&#8243;][\/vc_column_inner][\/vc_row_inner][\/vc_column][\/vc_row][vc_row full_width=&#8221;stretch_row&#8221; css=&#8221;.vc_custom_1636449736258{padding-top: 40px !important;padding-bottom: 40px !important;background-color: #b5b5b5 !important;}&#8221;][vc_column][vc_column_text el_class=&#8221;white&#8221;]<\/p>\n<h2 style=\"text-align: center;\"><strong>Do you have questions about our services?<br \/>\nSend us an <a href=\"mailto:info@vetzentrum-koeln.de\">email<\/a> or call us<\/strong><\/h2>\n<h3 style=\"text-align: center;\"><a href=\"tel:0221545764\">0221 &#8211; 545764<\/a><\/h3>\n<p>[\/vc_column_text][\/vc_column][\/vc_row]<\/p>\n<\/div>","protected":false},"excerpt":{"rendered":"<p>[vc_row css=&#8221;.vc_custom_1636450784221{margin-top: -100px !important;padding-top: 20px !important;padding-right: 40px !important;padding-left: 40px !important;background-color: rgba(255,255,255,0.93) !important;*background-color: rgb(255,255,255) !important;}&#8221;][vc_column][vc_row_inner][vc_column_inner width=&#8221;2\/3&#8243;][vc_column_text css_animation=&#8221;fadeIn&#8221; css=&#8221;&#8221;] Veterinary Emergency Service Cologne \u2013 24-hour help for animal<span class=\"excerpt-hellip\"> [\u2026]<\/span><\/p>\n","protected":false},"author":1,"featured_media":0,"parent":0,"menu_order":0,"comment_status":"closed","ping_status":"closed","template":"","meta":{"inline_featured_image":false,"footnotes":""},"class_list":["post-2199","page","type-page","status-publish","hentry"],"yoast_head":"<!-- This site is optimized with the Yoast SEO plugin v27.4 - https:\/\/yoast.com\/product\/yoast-seo-wordpress\/ -->\n<title>Emergencies - Vet Zentrum K\u00f6ln<\/title>\n<meta name=\"description\" content=\"Erfahren Sie mehr \u00fcber Emergencies \u2013 Vet Zentrum K\u00f6ln\" \/>\n<meta name=\"robots\" content=\"index, follow, max-snippet:-1, max-image-preview:large, max-video-preview:-1\" \/>\n<link rel=\"canonical\" href=\"https:\/\/www.vetzentrum-koeln.de\/en\/emergencies\/\" \/>\n<meta property=\"og:locale\" content=\"en_US\" \/>\n<meta property=\"og:type\" content=\"article\" \/>\n<meta property=\"og:title\" content=\"Emergencies - Vet Zentrum K\u00f6ln\" \/>\n<meta property=\"og:description\" content=\"Erfahren Sie mehr \u00fcber Emergencies \u2013 Vet Zentrum K\u00f6ln\" \/>\n<meta property=\"og:url\" content=\"https:\/\/www.vetzentrum-koeln.de\/en\/emergencies\/\" \/>\n<meta property=\"og:site_name\" content=\"Vet Zentrum K\u00f6ln\" \/>\n<meta property=\"article:publisher\" content=\"https:\/\/www.facebook.com\/pages\/VetZentrumInKln\/374677943082118\/#\" \/>\n<meta property=\"article:modified_time\" content=\"2026-04-20T12:23:00+00:00\" \/>\n<meta name=\"twitter:card\" content=\"summary_large_image\" \/>\n<meta name=\"twitter:label1\" content=\"Est. reading time\" \/>\n\t<meta name=\"twitter:data1\" content=\"4 minutes\" \/>\n<script type=\"application\/ld+json\" class=\"yoast-schema-graph\">{\"@context\":\"https:\\\/\\\/schema.org\",\"@graph\":[{\"@type\":\"WebPage\",\"@id\":\"https:\\\/\\\/www.vetzentrum-koeln.de\\\/en\\\/emergencies\\\/\",\"url\":\"https:\\\/\\\/www.vetzentrum-koeln.de\\\/en\\\/emergencies\\\/\",\"name\":\"Emergencies - Vet Zentrum K\u00f6ln\",\"isPartOf\":{\"@id\":\"https:\\\/\\\/www.vetzentrum-koeln.de\\\/en\\\/#website\"},\"datePublished\":\"2021-10-20T10:22:26+00:00\",\"dateModified\":\"2026-04-20T12:23:00+00:00\",\"description\":\"Erfahren Sie mehr \u00fcber Emergencies \u2013 Vet Zentrum K\u00f6ln\",\"breadcrumb\":{\"@id\":\"https:\\\/\\\/www.vetzentrum-koeln.de\\\/en\\\/emergencies\\\/#breadcrumb\"},\"inLanguage\":\"en-US\",\"potentialAction\":[{\"@type\":\"ReadAction\",\"target\":[\"https:\\\/\\\/www.vetzentrum-koeln.de\\\/en\\\/emergencies\\\/\"]}]},{\"@type\":\"BreadcrumbList\",\"@id\":\"https:\\\/\\\/www.vetzentrum-koeln.de\\\/en\\\/emergencies\\\/#breadcrumb\",\"itemListElement\":[{\"@type\":\"ListItem\",\"position\":1,\"name\":\"Startseite\",\"item\":\"https:\\\/\\\/www.vetzentrum-koeln.de\\\/en\\\/\"},{\"@type\":\"ListItem\",\"position\":2,\"name\":\"Emergencies\"}]},{\"@type\":\"WebSite\",\"@id\":\"https:\\\/\\\/www.vetzentrum-koeln.de\\\/en\\\/#website\",\"url\":\"https:\\\/\\\/www.vetzentrum-koeln.de\\\/en\\\/\",\"name\":\"Vetzentrum K\u00f6ln\",\"description\":\"Tier\u00e4rztliche Klinik f\u00fcr Kleintiere - 24 Stunden Notdienst\",\"publisher\":{\"@id\":\"https:\\\/\\\/www.vetzentrum-koeln.de\\\/en\\\/#organization\"},\"potentialAction\":[{\"@type\":\"SearchAction\",\"target\":{\"@type\":\"EntryPoint\",\"urlTemplate\":\"https:\\\/\\\/www.vetzentrum-koeln.de\\\/en\\\/?s={search_term_string}\"},\"query-input\":{\"@type\":\"PropertyValueSpecification\",\"valueRequired\":true,\"valueName\":\"search_term_string\"}}],\"inLanguage\":\"en-US\"},{\"@type\":\"Organization\",\"@id\":\"https:\\\/\\\/www.vetzentrum-koeln.de\\\/en\\\/#organization\",\"name\":\"Vetzentrum K\u00f6ln\",\"url\":\"https:\\\/\\\/www.vetzentrum-koeln.de\\\/en\\\/\",\"logo\":{\"@type\":\"ImageObject\",\"inLanguage\":\"en-US\",\"@id\":\"https:\\\/\\\/www.vetzentrum-koeln.de\\\/en\\\/#\\\/schema\\\/logo\\\/image\\\/\",\"url\":\"https:\\\/\\\/www.vetzentrum-koeln.de\\\/wp-content\\\/uploads\\\/2022\\\/01\\\/Logo_verdana_22.svg\",\"contentUrl\":\"https:\\\/\\\/www.vetzentrum-koeln.de\\\/wp-content\\\/uploads\\\/2022\\\/01\\\/Logo_verdana_22.svg\",\"width\":\"1024\",\"height\":\"1024\",\"caption\":\"Vetzentrum K\u00f6ln\"},\"image\":{\"@id\":\"https:\\\/\\\/www.vetzentrum-koeln.de\\\/en\\\/#\\\/schema\\\/logo\\\/image\\\/\"},\"sameAs\":[\"https:\\\/\\\/www.facebook.com\\\/pages\\\/VetZentrumInKln\\\/374677943082118\\\/#\"]}]}<\/script>\n<!-- \/ Yoast SEO plugin. -->","yoast_head_json":{"title":"Emergencies - Vet Zentrum K\u00f6ln","description":"Erfahren Sie mehr \u00fcber Emergencies \u2013 Vet Zentrum K\u00f6ln","robots":{"index":"index","follow":"follow","max-snippet":"max-snippet:-1","max-image-preview":"max-image-preview:large","max-video-preview":"max-video-preview:-1"},"canonical":"https:\/\/www.vetzentrum-koeln.de\/en\/emergencies\/","og_locale":"en_US","og_type":"article","og_title":"Emergencies - Vet Zentrum K\u00f6ln","og_description":"Erfahren Sie mehr \u00fcber Emergencies \u2013 Vet Zentrum K\u00f6ln","og_url":"https:\/\/www.vetzentrum-koeln.de\/en\/emergencies\/","og_site_name":"Vet Zentrum K\u00f6ln","article_publisher":"https:\/\/www.facebook.com\/pages\/VetZentrumInKln\/374677943082118\/#","article_modified_time":"2026-04-20T12:23:00+00:00","twitter_card":"summary_large_image","twitter_misc":{"Est. reading time":"4 minutes"},"schema":{"@context":"https:\/\/schema.org","@graph":[{"@type":"WebPage","@id":"https:\/\/www.vetzentrum-koeln.de\/en\/emergencies\/","url":"https:\/\/www.vetzentrum-koeln.de\/en\/emergencies\/","name":"Emergencies - Vet Zentrum K\u00f6ln","isPartOf":{"@id":"https:\/\/www.vetzentrum-koeln.de\/en\/#website"},"datePublished":"2021-10-20T10:22:26+00:00","dateModified":"2026-04-20T12:23:00+00:00","description":"Erfahren Sie mehr \u00fcber Emergencies \u2013 Vet Zentrum K\u00f6ln","breadcrumb":{"@id":"https:\/\/www.vetzentrum-koeln.de\/en\/emergencies\/#breadcrumb"},"inLanguage":"en-US","potentialAction":[{"@type":"ReadAction","target":["https:\/\/www.vetzentrum-koeln.de\/en\/emergencies\/"]}]},{"@type":"BreadcrumbList","@id":"https:\/\/www.vetzentrum-koeln.de\/en\/emergencies\/#breadcrumb","itemListElement":[{"@type":"ListItem","position":1,"name":"Startseite","item":"https:\/\/www.vetzentrum-koeln.de\/en\/"},{"@type":"ListItem","position":2,"name":"Emergencies"}]},{"@type":"WebSite","@id":"https:\/\/www.vetzentrum-koeln.de\/en\/#website","url":"https:\/\/www.vetzentrum-koeln.de\/en\/","name":"Vetzentrum K\u00f6ln","description":"Tier\u00e4rztliche Klinik f\u00fcr Kleintiere - 24 Stunden Notdienst","publisher":{"@id":"https:\/\/www.vetzentrum-koeln.de\/en\/#organization"},"potentialAction":[{"@type":"SearchAction","target":{"@type":"EntryPoint","urlTemplate":"https:\/\/www.vetzentrum-koeln.de\/en\/?s={search_term_string}"},"query-input":{"@type":"PropertyValueSpecification","valueRequired":true,"valueName":"search_term_string"}}],"inLanguage":"en-US"},{"@type":"Organization","@id":"https:\/\/www.vetzentrum-koeln.de\/en\/#organization","name":"Vetzentrum K\u00f6ln","url":"https:\/\/www.vetzentrum-koeln.de\/en\/","logo":{"@type":"ImageObject","inLanguage":"en-US","@id":"https:\/\/www.vetzentrum-koeln.de\/en\/#\/schema\/logo\/image\/","url":"https:\/\/www.vetzentrum-koeln.de\/wp-content\/uploads\/2022\/01\/Logo_verdana_22.svg","contentUrl":"https:\/\/www.vetzentrum-koeln.de\/wp-content\/uploads\/2022\/01\/Logo_verdana_22.svg","width":"1024","height":"1024","caption":"Vetzentrum K\u00f6ln"},"image":{"@id":"https:\/\/www.vetzentrum-koeln.de\/en\/#\/schema\/logo\/image\/"},"sameAs":["https:\/\/www.facebook.com\/pages\/VetZentrumInKln\/374677943082118\/#"]}]}},"_links":{"self":[{"href":"https:\/\/www.vetzentrum-koeln.de\/en\/wp-json\/wp\/v2\/pages\/2199","targetHints":{"allow":["GET"]}}],"collection":[{"href":"https:\/\/www.vetzentrum-koeln.de\/en\/wp-json\/wp\/v2\/pages"}],"about":[{"href":"https:\/\/www.vetzentrum-koeln.de\/en\/wp-json\/wp\/v2\/types\/page"}],"author":[{"embeddable":true,"href":"https:\/\/www.vetzentrum-koeln.de\/en\/wp-json\/wp\/v2\/users\/1"}],"replies":[{"embeddable":true,"href":"https:\/\/www.vetzentrum-koeln.de\/en\/wp-json\/wp\/v2\/comments?post=2199"}],"version-history":[{"count":13,"href":"https:\/\/www.vetzentrum-koeln.de\/en\/wp-json\/wp\/v2\/pages\/2199\/revisions"}],"predecessor-version":[{"id":2389,"href":"https:\/\/www.vetzentrum-koeln.de\/en\/wp-json\/wp\/v2\/pages\/2199\/revisions\/2389"}],"wp:attachment":[{"href":"https:\/\/www.vetzentrum-koeln.de\/en\/wp-json\/wp\/v2\/media?parent=2199"}],"curies":[{"name":"wp","href":"https:\/\/api.w.org\/{rel}","templated":true}]}}