{"id":2408,"date":"2021-10-20T12:25:28","date_gmt":"2021-10-20T10:25:28","guid":{"rendered":"https:\/\/www.vetzentrum-koeln.de\/wild-animals\/"},"modified":"2026-04-20T14:24:07","modified_gmt":"2026-04-20T12:24:07","slug":"wild-animals","status":"publish","type":"page","link":"https:\/\/www.vetzentrum-koeln.de\/en\/wild-animals\/","title":{"rendered":"Wild animals"},"content":{"rendered":"<div class=\"wpb-content-wrapper\"><p>[vc_row css=&#8221;.vc_custom_1636450784221{margin-top: -100px !important;padding-top: 20px !important;padding-right: 40px !important;padding-left: 40px !important;background-color: rgba(255,255,255,0.93) !important;*background-color: rgb(255,255,255) !important;}&#8221;][vc_column][vc_row_inner][vc_column_inner width=&#8221;2\/3&#8243;][vc_column_text css_animation=&#8221;fadeIn&#8221; css=&#8221;&#8221;]<\/p>\n<h2>Current information on avian influenza<\/h2>\n<p>Due to the current situation regarding avian influenza, we are currently unable to admit any waterfowl or wading birds. We can only accept corvids in exceptional cases or after prior consultation. We ask for your understanding of this precautionary measure, which serves to protect all animals in our clinic.[\/vc_column_text][vc_column_text css_animation=&#8221;fadeIn&#8221;]<\/p>\n<h2>Wild animals<\/h2>\n<p>Especially in spring, numerous birds and other wild animals are brought to our clinic by concerned finders. To a limited extent, in addition to our clinical work, we provide initial care for these animals on a voluntary basis. We work closely with various wildlife rescue centers, which ensure the animals\u2019 further care and support after initial medical treatment. As transport and care for the wild animals are provided on a voluntary basis by dedicated members of our clinic staff in cooperation with the wildlife rescue center at Gut Leidenhausen (<a href=\"https:\/\/www.gut-leidenhausen.de\/projekte\/wildtierstation\/\">https:\/\/www.gut-leidenhausen.de\/projekte\/wildtierstation\/<\/a>), we kindly ask for a donation to this association when you bring in an animal.[\/vc_column_text][\/vc_column_inner][vc_column_inner width=&#8221;1\/3&#8243;][vc_single_image image=&#8221;2410&#8243; img_size=&#8221;full&#8221; alignment=&#8221;right&#8221; style=&#8221;vc_box_shadow_3d&#8221; onclick=&#8221;custom_link&#8221; css_animation=&#8221;fadeIn&#8221; css=&#8221;.vc_custom_1752480384886{margin-bottom: 10px !important;border-bottom-width: 0px !important;padding-bottom: 0px !important;background-color: #81d742 !important;}&#8221; link=&#8221;https:\/\/www.gut-leidenhausen.de\/projekte\/wildtierstation\/&#8221;][\/vc_column_inner][\/vc_row_inner][\/vc_column][\/vc_row][vc_row full_width=&#8221;stretch_row&#8221; css=&#8221;.vc_custom_1636449736258{padding-top: 40px !important;padding-bottom: 40px !important;background-color: #b5b5b5 !important;}&#8221;][vc_column][vc_column_text el_class=&#8221;white&#8221;]<\/p>\n<h2 style=\"text-align: center;\"><strong>Do you have questions about our services?<br \/>\nSend us an <a href=\"mailto:info@vetzentrum-koeln.de\">email<\/a> or call us<\/strong><\/h2>\n<h3 style=\"text-align: center;\"><a href=\"tel:0221545764\">0221 &#8211; 545764<\/a><\/h3>\n<p>[\/vc_column_text][\/vc_column][\/vc_row]<\/p>\n<\/div>","protected":false},"excerpt":{"rendered":"<p>[vc_row css=&#8221;.vc_custom_1636450784221{margin-top: -100px !important;padding-top: 20px !important;padding-right: 40px !important;padding-left: 40px !important;background-color: rgba(255,255,255,0.93) !important;*background-color: rgb(255,255,255) !important;}&#8221;][vc_column][vc_row_inner][vc_column_inner width=&#8221;2\/3&#8243;][vc_column_text css_animation=&#8221;fadeIn&#8221; css=&#8221;&#8221;] Current information on avian influenza Due to the current<span class=\"excerpt-hellip\"> [\u2026]<\/span><\/p>\n","protected":false},"author":1,"featured_media":0,"parent":0,"menu_order":0,"comment_status":"closed","ping_status":"closed","template":"","meta":{"inline_featured_image":false,"footnotes":""},"class_list":["post-2408","page","type-page","status-publish","hentry"],"yoast_head":"<!-- This site is optimized with the Yoast SEO plugin v27.4 - https:\/\/yoast.com\/product\/yoast-seo-wordpress\/ -->\n<title>Wild animals - Vet Zentrum K\u00f6ln<\/title>\n<meta name=\"description\" content=\"Erfahren Sie mehr \u00fcber Wild animals \u2013 Vet Zentrum K\u00f6ln\" \/>\n<meta name=\"robots\" content=\"index, follow, max-snippet:-1, max-image-preview:large, max-video-preview:-1\" \/>\n<link rel=\"canonical\" href=\"https:\/\/www.vetzentrum-koeln.de\/en\/wild-animals\/\" \/>\n<meta property=\"og:locale\" content=\"en_US\" \/>\n<meta property=\"og:type\" content=\"article\" \/>\n<meta property=\"og:title\" content=\"Wild animals - Vet Zentrum K\u00f6ln\" \/>\n<meta property=\"og:description\" content=\"Erfahren Sie mehr \u00fcber Wild animals \u2013 Vet Zentrum K\u00f6ln\" \/>\n<meta property=\"og:url\" content=\"https:\/\/www.vetzentrum-koeln.de\/en\/wild-animals\/\" \/>\n<meta property=\"og:site_name\" content=\"Vet Zentrum K\u00f6ln\" \/>\n<meta property=\"article:publisher\" content=\"https:\/\/www.facebook.com\/pages\/VetZentrumInKln\/374677943082118\/#\" \/>\n<meta property=\"article:modified_time\" content=\"2026-04-20T12:24:07+00:00\" \/>\n<meta name=\"twitter:card\" content=\"summary_large_image\" \/>\n<meta name=\"twitter:label1\" content=\"Est. reading time\" \/>\n\t<meta name=\"twitter:data1\" content=\"2 minutes\" \/>\n<script type=\"application\/ld+json\" class=\"yoast-schema-graph\">{\"@context\":\"https:\\\/\\\/schema.org\",\"@graph\":[{\"@type\":\"WebPage\",\"@id\":\"https:\\\/\\\/www.vetzentrum-koeln.de\\\/en\\\/wild-animals\\\/\",\"url\":\"https:\\\/\\\/www.vetzentrum-koeln.de\\\/en\\\/wild-animals\\\/\",\"name\":\"Wild animals - Vet Zentrum K\u00f6ln\",\"isPartOf\":{\"@id\":\"https:\\\/\\\/www.vetzentrum-koeln.de\\\/en\\\/#website\"},\"datePublished\":\"2021-10-20T10:25:28+00:00\",\"dateModified\":\"2026-04-20T12:24:07+00:00\",\"description\":\"Erfahren Sie mehr \u00fcber Wild animals \u2013 Vet Zentrum K\u00f6ln\",\"breadcrumb\":{\"@id\":\"https:\\\/\\\/www.vetzentrum-koeln.de\\\/en\\\/wild-animals\\\/#breadcrumb\"},\"inLanguage\":\"en-US\",\"potentialAction\":[{\"@type\":\"ReadAction\",\"target\":[\"https:\\\/\\\/www.vetzentrum-koeln.de\\\/en\\\/wild-animals\\\/\"]}]},{\"@type\":\"BreadcrumbList\",\"@id\":\"https:\\\/\\\/www.vetzentrum-koeln.de\\\/en\\\/wild-animals\\\/#breadcrumb\",\"itemListElement\":[{\"@type\":\"ListItem\",\"position\":1,\"name\":\"Startseite\",\"item\":\"https:\\\/\\\/www.vetzentrum-koeln.de\\\/en\\\/\"},{\"@type\":\"ListItem\",\"position\":2,\"name\":\"Wild animals\"}]},{\"@type\":\"WebSite\",\"@id\":\"https:\\\/\\\/www.vetzentrum-koeln.de\\\/en\\\/#website\",\"url\":\"https:\\\/\\\/www.vetzentrum-koeln.de\\\/en\\\/\",\"name\":\"Vetzentrum K\u00f6ln\",\"description\":\"Tier\u00e4rztliche Klinik f\u00fcr Kleintiere - 24 Stunden Notdienst\",\"publisher\":{\"@id\":\"https:\\\/\\\/www.vetzentrum-koeln.de\\\/en\\\/#organization\"},\"potentialAction\":[{\"@type\":\"SearchAction\",\"target\":{\"@type\":\"EntryPoint\",\"urlTemplate\":\"https:\\\/\\\/www.vetzentrum-koeln.de\\\/en\\\/?s={search_term_string}\"},\"query-input\":{\"@type\":\"PropertyValueSpecification\",\"valueRequired\":true,\"valueName\":\"search_term_string\"}}],\"inLanguage\":\"en-US\"},{\"@type\":\"Organization\",\"@id\":\"https:\\\/\\\/www.vetzentrum-koeln.de\\\/en\\\/#organization\",\"name\":\"Vetzentrum K\u00f6ln\",\"url\":\"https:\\\/\\\/www.vetzentrum-koeln.de\\\/en\\\/\",\"logo\":{\"@type\":\"ImageObject\",\"inLanguage\":\"en-US\",\"@id\":\"https:\\\/\\\/www.vetzentrum-koeln.de\\\/en\\\/#\\\/schema\\\/logo\\\/image\\\/\",\"url\":\"https:\\\/\\\/www.vetzentrum-koeln.de\\\/wp-content\\\/uploads\\\/2022\\\/01\\\/Logo_verdana_22.svg\",\"contentUrl\":\"https:\\\/\\\/www.vetzentrum-koeln.de\\\/wp-content\\\/uploads\\\/2022\\\/01\\\/Logo_verdana_22.svg\",\"width\":\"1024\",\"height\":\"1024\",\"caption\":\"Vetzentrum K\u00f6ln\"},\"image\":{\"@id\":\"https:\\\/\\\/www.vetzentrum-koeln.de\\\/en\\\/#\\\/schema\\\/logo\\\/image\\\/\"},\"sameAs\":[\"https:\\\/\\\/www.facebook.com\\\/pages\\\/VetZentrumInKln\\\/374677943082118\\\/#\"]}]}<\/script>\n<!-- \/ Yoast SEO plugin. -->","yoast_head_json":{"title":"Wild animals - Vet Zentrum K\u00f6ln","description":"Erfahren Sie mehr \u00fcber Wild animals \u2013 Vet Zentrum K\u00f6ln","robots":{"index":"index","follow":"follow","max-snippet":"max-snippet:-1","max-image-preview":"max-image-preview:large","max-video-preview":"max-video-preview:-1"},"canonical":"https:\/\/www.vetzentrum-koeln.de\/en\/wild-animals\/","og_locale":"en_US","og_type":"article","og_title":"Wild animals - Vet Zentrum K\u00f6ln","og_description":"Erfahren Sie mehr \u00fcber Wild animals \u2013 Vet Zentrum K\u00f6ln","og_url":"https:\/\/www.vetzentrum-koeln.de\/en\/wild-animals\/","og_site_name":"Vet Zentrum K\u00f6ln","article_publisher":"https:\/\/www.facebook.com\/pages\/VetZentrumInKln\/374677943082118\/#","article_modified_time":"2026-04-20T12:24:07+00:00","twitter_card":"summary_large_image","twitter_misc":{"Est. reading time":"2 minutes"},"schema":{"@context":"https:\/\/schema.org","@graph":[{"@type":"WebPage","@id":"https:\/\/www.vetzentrum-koeln.de\/en\/wild-animals\/","url":"https:\/\/www.vetzentrum-koeln.de\/en\/wild-animals\/","name":"Wild animals - Vet Zentrum K\u00f6ln","isPartOf":{"@id":"https:\/\/www.vetzentrum-koeln.de\/en\/#website"},"datePublished":"2021-10-20T10:25:28+00:00","dateModified":"2026-04-20T12:24:07+00:00","description":"Erfahren Sie mehr \u00fcber Wild animals \u2013 Vet Zentrum K\u00f6ln","breadcrumb":{"@id":"https:\/\/www.vetzentrum-koeln.de\/en\/wild-animals\/#breadcrumb"},"inLanguage":"en-US","potentialAction":[{"@type":"ReadAction","target":["https:\/\/www.vetzentrum-koeln.de\/en\/wild-animals\/"]}]},{"@type":"BreadcrumbList","@id":"https:\/\/www.vetzentrum-koeln.de\/en\/wild-animals\/#breadcrumb","itemListElement":[{"@type":"ListItem","position":1,"name":"Startseite","item":"https:\/\/www.vetzentrum-koeln.de\/en\/"},{"@type":"ListItem","position":2,"name":"Wild animals"}]},{"@type":"WebSite","@id":"https:\/\/www.vetzentrum-koeln.de\/en\/#website","url":"https:\/\/www.vetzentrum-koeln.de\/en\/","name":"Vetzentrum K\u00f6ln","description":"Tier\u00e4rztliche Klinik f\u00fcr Kleintiere - 24 Stunden Notdienst","publisher":{"@id":"https:\/\/www.vetzentrum-koeln.de\/en\/#organization"},"potentialAction":[{"@type":"SearchAction","target":{"@type":"EntryPoint","urlTemplate":"https:\/\/www.vetzentrum-koeln.de\/en\/?s={search_term_string}"},"query-input":{"@type":"PropertyValueSpecification","valueRequired":true,"valueName":"search_term_string"}}],"inLanguage":"en-US"},{"@type":"Organization","@id":"https:\/\/www.vetzentrum-koeln.de\/en\/#organization","name":"Vetzentrum K\u00f6ln","url":"https:\/\/www.vetzentrum-koeln.de\/en\/","logo":{"@type":"ImageObject","inLanguage":"en-US","@id":"https:\/\/www.vetzentrum-koeln.de\/en\/#\/schema\/logo\/image\/","url":"https:\/\/www.vetzentrum-koeln.de\/wp-content\/uploads\/2022\/01\/Logo_verdana_22.svg","contentUrl":"https:\/\/www.vetzentrum-koeln.de\/wp-content\/uploads\/2022\/01\/Logo_verdana_22.svg","width":"1024","height":"1024","caption":"Vetzentrum K\u00f6ln"},"image":{"@id":"https:\/\/www.vetzentrum-koeln.de\/en\/#\/schema\/logo\/image\/"},"sameAs":["https:\/\/www.facebook.com\/pages\/VetZentrumInKln\/374677943082118\/#"]}]}},"_links":{"self":[{"href":"https:\/\/www.vetzentrum-koeln.de\/en\/wp-json\/wp\/v2\/pages\/2408","targetHints":{"allow":["GET"]}}],"collection":[{"href":"https:\/\/www.vetzentrum-koeln.de\/en\/wp-json\/wp\/v2\/pages"}],"about":[{"href":"https:\/\/www.vetzentrum-koeln.de\/en\/wp-json\/wp\/v2\/types\/page"}],"author":[{"embeddable":true,"href":"https:\/\/www.vetzentrum-koeln.de\/en\/wp-json\/wp\/v2\/users\/1"}],"replies":[{"embeddable":true,"href":"https:\/\/www.vetzentrum-koeln.de\/en\/wp-json\/wp\/v2\/comments?post=2408"}],"version-history":[{"count":2,"href":"https:\/\/www.vetzentrum-koeln.de\/en\/wp-json\/wp\/v2\/pages\/2408\/revisions"}],"predecessor-version":[{"id":2438,"href":"https:\/\/www.vetzentrum-koeln.de\/en\/wp-json\/wp\/v2\/pages\/2408\/revisions\/2438"}],"wp:attachment":[{"href":"https:\/\/www.vetzentrum-koeln.de\/en\/wp-json\/wp\/v2\/media?parent=2408"}],"curies":[{"name":"wp","href":"https:\/\/api.w.org\/{rel}","templated":true}]}}