{"id":2419,"date":"2021-10-20T12:26:02","date_gmt":"2021-10-20T10:26:02","guid":{"rendered":"https:\/\/www.vetzentrum-koeln.de\/neurology\/"},"modified":"2026-04-20T14:24:07","modified_gmt":"2026-04-20T12:24:07","slug":"neurology","status":"publish","type":"page","link":"https:\/\/www.vetzentrum-koeln.de\/en\/neurology\/","title":{"rendered":"Neurology"},"content":{"rendered":"<div class=\"wpb-content-wrapper\"><p>[vc_row css=&#8221;.vc_custom_1636450784221{margin-top: -100px !important;padding-top: 20px !important;padding-right: 40px !important;padding-left: 40px !important;background-color: rgba(255,255,255,0.93) !important;*background-color: rgb(255,255,255) !important;}&#8221;][vc_column][vc_row_inner][vc_column_inner width=&#8221;2\/3&#8243;][vc_column_text css_animation=&#8221;fadeIn&#8221; css=&#8221;&#8221;]<\/p>\n<h2><b>Veterinary Neurology \u2013 Specialized Diagnostics &amp; Therapy at Vet Zentrum K\u00f6ln<\/b><\/h2>\n<p><span style=\"font-weight: 400;\">Neurological diseases in dogs and cats require expertise, experience, and modern technology. At Vet Zentrum K\u00f6ln, we offer a specialized point of contact for diagnostics and therapy with a clear focus on veterinary neurology and neurosurgery. <\/span><\/p>\n<ul>\n<li style=\"font-weight: 400;\" aria-level=\"1\"><span style=\"font-weight: 400;\">Specialized Neurology Consultation<\/span><\/li>\n<li style=\"font-weight: 400;\" aria-level=\"1\"><span style=\"font-weight: 400;\">In-house CT<\/span><\/li>\n<li style=\"font-weight: 400;\" aria-level=\"1\"><span style=\"font-weight: 400;\">Outpatient &amp; Inpatient Care<\/span><\/li>\n<li style=\"font-weight: 400;\" aria-level=\"1\"><span style=\"font-weight: 400;\">Surgical Procedures on the Spine &amp; Brain<\/span><\/li>\n<\/ul>\n<p>&nbsp;<\/p>\n<h4><b>When is a neurological evaluation necessary?<\/b><\/h4>\n<p><span style=\"font-weight: 400;\">Typical symptoms that may indicate a neurological disease:<\/span><\/p>\n<ul>\n<li style=\"font-weight: 400;\" aria-level=\"1\"><span style=\"font-weight: 400;\">Unsteady gait or sudden collapsing<\/span><\/li>\n<li style=\"font-weight: 400;\" aria-level=\"1\"><span style=\"font-weight: 400;\">Tremors, seizures, or uncontrolled movements<\/span><\/li>\n<li style=\"font-weight: 400;\" aria-level=\"1\"><span style=\"font-weight: 400;\">Behavioral changes such as aggression or disorientation<\/span><\/li>\n<li style=\"font-weight: 400;\" aria-level=\"1\"><span style=\"font-weight: 400;\">Sudden loss of hearing, vision, or reflexes<\/span><\/li>\n<li style=\"font-weight: 400;\" aria-level=\"1\"><span style=\"font-weight: 400;\">Neck or back pain that occurs without apparent reason<\/span><\/li>\n<\/ul>\n<p>&nbsp;<\/p>\n<p><i><span style=\"font-weight: 400;\">When detected early, many neurological diseases can be treated effectively, significantly improving your pet&#8217;s quality of life.<\/span><\/i><\/p>\n<p>&nbsp;<\/p>\n<h2><\/h2>\n<h4><b>Common Neurological Diseases in Dogs and Cats<\/b><\/h4>\n<p><b>Among others, we treat:<\/b><\/p>\n<ul>\n<li style=\"font-weight: 400;\" aria-level=\"1\"><span style=\"font-weight: 400;\">Epilepsy &amp; Seizures: Brain disorders.<\/span><\/li>\n<li style=\"font-weight: 400;\" aria-level=\"1\"><span style=\"font-weight: 400;\">Herniated Discs:<\/span><\/li>\n<li style=\"font-weight: 400;\" aria-level=\"1\"><span style=\"font-weight: 400;\">Nerve compression due to damaged intervertebral discs.<\/span><\/li>\n<li style=\"font-weight: 400;\" aria-level=\"1\"><span style=\"font-weight: 400;\">Paralysis &amp; Gait Disorders: Impairment of movement.<\/span><\/li>\n<li style=\"font-weight: 400;\" aria-level=\"1\"><span style=\"font-weight: 400;\">Spinal cord injuries &amp; Nerve inflammations: Disorders of nerve functions.<\/span><\/li>\n<\/ul>\n<p>&nbsp;<\/p>\n<h2><\/h2>\n<h4><b>Modern Diagnostics \u2013 In-house<\/b><\/h4>\n<p><span style=\"font-weight: 400;\">An accurate diagnosis is the foundation of any successful treatment. We have state-of-the-art equipment &amp; techniques available: <\/span><\/p>\n<ul>\n<li style=\"font-weight: 400;\" aria-level=\"1\"><span style=\"font-weight: 400;\">Neurological examination: Initial assessment<\/span><\/li>\n<li style=\"font-weight: 400;\" aria-level=\"1\"><span style=\"font-weight: 400;\">Imaging procedures (CT): accurate diagnosis<\/span><\/li>\n<li style=\"font-weight: 400;\" aria-level=\"1\"><span style=\"font-weight: 400;\">Cerebrospinal fluid analysis: Detection of inflammation or infections<\/span><\/li>\n<li style=\"font-weight: 400;\" aria-level=\"1\"><span style=\"font-weight: 400;\">Muscle and nerve biopsies: Analysis of nerve diseases<\/span><\/li>\n<\/ul>\n<p>&nbsp;<\/p>\n<p><span style=\"font-weight: 400;\">All procedures are performed in a species-appropriate &amp; as stress-free manner as possible, in close consultation with you.<\/span><\/p>\n<p>&nbsp;<\/p>\n<h4><b>Neurosurgery at Vet Zentrum K\u00f6ln<\/b><\/h4>\n<p><span style=\"font-weight: 400;\">If surgery becomes necessary, your pet is in the best hands with us. Our team performs complex neurosurgical procedures with extensive experience and state-of-the-art technology. <\/span><\/p>\n<p><b>Example procedures:<\/b><\/p>\n<ul>\n<li style=\"font-weight: 400;\" aria-level=\"1\"><span style=\"font-weight: 400;\">Disc surgery (hemilaminectomy, fenestration)<\/span><\/li>\n<li style=\"font-weight: 400;\" aria-level=\"1\"><span style=\"font-weight: 400;\">Decompression for spinal cord compression<\/span><\/li>\n<li style=\"font-weight: 400;\" aria-level=\"1\"><span style=\"font-weight: 400;\">Surgery for vertebral instabilities \/ fractures<\/span><\/li>\n<li style=\"font-weight: 400;\" aria-level=\"1\"><span style=\"font-weight: 400;\">Brain tumor surgery<\/span><\/li>\n<\/ul>\n<p>&nbsp;<\/p>\n<p><span style=\"font-weight: 400;\">After the operation, close monitoring takes place in our intensive care unit with 24-hour care.<\/span><\/p>\n<p>&nbsp;<\/p>\n<p>[\/vc_column_text][vc_column_text css=&#8221;&#8221;]<\/p>\n<h2><b>FAQ &#8211; Frequently Asked Questions about Veterinary Neurology<\/b><\/h2>\n<p>[\/vc_column_text][vc_toggle title=&#8221;What are the signs of neurological problems in dogs and cats?&#8221; css=&#8221;&#8221;]<b> \u2192 <\/b><span style=\"font-weight: 400;\">Paralysis, coordination disorders, seizures, sudden behavioral changes, or back pain are typical warning signs.<\/span>[\/vc_toggle][vc_toggle title=&#8221;How is a neurological examination performed?&#8221; css=&#8221;&#8221;]<b> \u2192 <\/b><span style=\"font-weight: 400;\">In addition to a detailed medical history, we check reflexes, movement patterns, and coordination. If necessary, imaging procedures such as CT follow.<\/span>[\/vc_toggle][vc_toggle title=&#8221;Can a herniated disc be treated without surgery?&#8221; css=&#8221;&#8221;]<b> \u2192 <\/b><span style=\"font-weight: 400;\">Mild herniated discs can be treated without surgery, e.g., through physiotherapy and pain therapy. In cases of paralysis, surgery is usually necessary.<\/span>[\/vc_toggle][vc_toggle title=&#8221;How dangerous is epilepsy in dogs?&#8221; css=&#8221;&#8221;]<b> \u2192 <\/b><span style=\"font-weight: 400;\">With the right medication, epilepsy can be well controlled. Early diagnosis and proper adjustment are important.<\/span>[\/vc_toggle][vc_empty_space][vc_column_text css=&#8221;&#8221;]<\/p>\n<h2><b>Your Specialists for Veterinary Neurology in Cologne<br \/>\n<\/b><\/h2>\n<p><b>Vet Zentrum K\u00f6ln \u2013 Neurology &amp; Neurosurgery for Animals<\/b><b><br \/>\n<\/b><span style=\"font-weight: 400;\"><br \/>\n<\/span><span style=\"font-weight: 400;\">  \ud83d\udcde <a href=\"tel:0221545764\">0221 \u2013 545764<\/a><\/span><span style=\"font-weight: 400;\"><br \/>\n<\/span> <span style=\"font-weight: 400;\"> \ud83d\udce7 <a href=\"mailto:info@vetzentrum-koeln.de\">info@vetzentrum-koeln.de<\/a><br \/>\n<\/span><span style=\"font-weight: 400;\">\ud83d\udccd Scheidtweilerstra\u00dfe 19, 50933 Cologne<\/span>[\/vc_column_text][vc_goo_maps location=&#8221;Vet Zentrum K\u00f6ln&#8221; zoom=&#8221;15&#8243; css=&#8221;&#8221;][\/vc_column_inner][vc_column_inner width=&#8221;1\/3&#8243;][vc_single_image image=&#8221;830&#8243; img_size=&#8221;full&#8221; alignment=&#8221;right&#8221; style=&#8221;vc_box_shadow_3d&#8221; css_animation=&#8221;fadeIn&#8221; css=&#8221;.vc_custom_1664896228034{margin-bottom: 10px !important;border-bottom-width: 0px !important;padding-bottom: 0px !important;}&#8221;][vc_column_text css_animation=&#8221;fadeIn&#8221; css=&#8221;.vc_custom_1664891175643{margin-top: 0px !important;border-top-width: 0px !important;padding-top: 0px !important;}&#8221;][\/vc_column_text][vc_column_text css_animation=&#8221;fadeIn&#8221; css=&#8221;&#8221;]<\/p>\n<h4><b>Case Study: Herniated Disc <\/b><\/h4>\n<p><b>Case Study Otto<\/b><\/p>\n<p><span style=\"font-weight: 400;\">Lotti suddenly showed signs of hind leg paralysis. After a neurological examination and CT, an acute herniated disc was diagnosed. <\/span><span style=\"font-weight: 400;\"><br \/>\n<\/span><span style=\"font-weight: 400;\">  \u2192 It was quickly decided to operate on Otto.<\/span><span style=\"font-weight: 400;\"><br \/>\n<\/span><span style=\"font-weight: 400;\">  \u2192 Just one week later, Otto was able to stand independently.<\/span><span style=\"font-weight: 400;\"><br \/>\n<\/span><span style=\"font-weight: 400;\">  \u2192 After 6 weeks of physiotherapy, he was walking pain-free again.<\/span>[\/vc_column_text][vc_gallery interval=&#8221;10&#8243; images=&#8221;2421,2422,2423,2424,2425,2420,2429,2428,2427,2430&#8243; img_size=&#8221;large&#8221; css=&#8221;.vc_custom_1752740335934{padding-top: 50px !important;padding-right: 50px !important;padding-bottom: 50px !important;padding-left: 50px !important;}&#8221;][\/vc_column_inner][\/vc_row_inner][\/vc_column][\/vc_row][vc_row full_width=&#8221;stretch_row&#8221; css=&#8221;.vc_custom_1636449736258{padding-top: 40px !important;padding-bottom: 40px !important;background-color: #b5b5b5 !important;}&#8221;][vc_column][vc_column_text el_class=&#8221;white&#8221;]<\/p>\n<h2 style=\"text-align: center;\"><strong>Do you have questions about our services?<br \/>\nSend us an <a href=\"mailto:info@vetzentrum-koeln.de\">email<\/a> or call us<\/strong><\/h2>\n<h3 style=\"text-align: center;\"><a href=\"tel:0221545764\">0221 &#8211; 545764<\/a><\/h3>\n<p>[\/vc_column_text][\/vc_column][\/vc_row]<\/p>\n<\/div>","protected":false},"excerpt":{"rendered":"<p>[vc_row css=&#8221;.vc_custom_1636450784221{margin-top: -100px !important;padding-top: 20px !important;padding-right: 40px !important;padding-left: 40px !important;background-color: rgba(255,255,255,0.93) !important;*background-color: rgb(255,255,255) !important;}&#8221;][vc_column][vc_row_inner][vc_column_inner width=&#8221;2\/3&#8243;][vc_column_text css_animation=&#8221;fadeIn&#8221; css=&#8221;&#8221;] Veterinary Neurology \u2013 Specialized Diagnostics &amp; Therapy at Vet<span class=\"excerpt-hellip\"> [\u2026]<\/span><\/p>\n","protected":false},"author":1,"featured_media":0,"parent":0,"menu_order":0,"comment_status":"closed","ping_status":"closed","template":"","meta":{"inline_featured_image":false,"footnotes":""},"class_list":["post-2419","page","type-page","status-publish","hentry"],"yoast_head":"<!-- This site is optimized with the Yoast SEO plugin v27.4 - https:\/\/yoast.com\/product\/yoast-seo-wordpress\/ -->\n<title>Neurology - Vet Zentrum K\u00f6ln<\/title>\n<meta name=\"description\" content=\"Erfahren Sie mehr \u00fcber Neurology \u2013 Vet Zentrum K\u00f6ln\" \/>\n<meta name=\"robots\" content=\"index, follow, max-snippet:-1, max-image-preview:large, max-video-preview:-1\" \/>\n<link rel=\"canonical\" href=\"https:\/\/www.vetzentrum-koeln.de\/en\/neurology\/\" \/>\n<meta property=\"og:locale\" content=\"en_US\" \/>\n<meta property=\"og:type\" content=\"article\" \/>\n<meta property=\"og:title\" content=\"Neurology - Vet Zentrum K\u00f6ln\" \/>\n<meta property=\"og:description\" content=\"Erfahren Sie mehr \u00fcber Neurology \u2013 Vet Zentrum K\u00f6ln\" \/>\n<meta property=\"og:url\" content=\"https:\/\/www.vetzentrum-koeln.de\/en\/neurology\/\" \/>\n<meta property=\"og:site_name\" content=\"Vet Zentrum K\u00f6ln\" \/>\n<meta property=\"article:publisher\" content=\"https:\/\/www.facebook.com\/pages\/VetZentrumInKln\/374677943082118\/#\" \/>\n<meta property=\"article:modified_time\" content=\"2026-04-20T12:24:07+00:00\" \/>\n<meta name=\"twitter:card\" content=\"summary_large_image\" \/>\n<meta name=\"twitter:label1\" content=\"Est. reading time\" \/>\n\t<meta name=\"twitter:data1\" content=\"4 minutes\" \/>\n<script type=\"application\/ld+json\" class=\"yoast-schema-graph\">{\"@context\":\"https:\\\/\\\/schema.org\",\"@graph\":[{\"@type\":\"WebPage\",\"@id\":\"https:\\\/\\\/www.vetzentrum-koeln.de\\\/en\\\/neurology\\\/\",\"url\":\"https:\\\/\\\/www.vetzentrum-koeln.de\\\/en\\\/neurology\\\/\",\"name\":\"Neurology - Vet Zentrum K\u00f6ln\",\"isPartOf\":{\"@id\":\"https:\\\/\\\/www.vetzentrum-koeln.de\\\/en\\\/#website\"},\"datePublished\":\"2021-10-20T10:26:02+00:00\",\"dateModified\":\"2026-04-20T12:24:07+00:00\",\"description\":\"Erfahren Sie mehr \u00fcber Neurology \u2013 Vet Zentrum K\u00f6ln\",\"breadcrumb\":{\"@id\":\"https:\\\/\\\/www.vetzentrum-koeln.de\\\/en\\\/neurology\\\/#breadcrumb\"},\"inLanguage\":\"en-US\",\"potentialAction\":[{\"@type\":\"ReadAction\",\"target\":[\"https:\\\/\\\/www.vetzentrum-koeln.de\\\/en\\\/neurology\\\/\"]}]},{\"@type\":\"BreadcrumbList\",\"@id\":\"https:\\\/\\\/www.vetzentrum-koeln.de\\\/en\\\/neurology\\\/#breadcrumb\",\"itemListElement\":[{\"@type\":\"ListItem\",\"position\":1,\"name\":\"Startseite\",\"item\":\"https:\\\/\\\/www.vetzentrum-koeln.de\\\/en\\\/\"},{\"@type\":\"ListItem\",\"position\":2,\"name\":\"Neurology\"}]},{\"@type\":\"WebSite\",\"@id\":\"https:\\\/\\\/www.vetzentrum-koeln.de\\\/en\\\/#website\",\"url\":\"https:\\\/\\\/www.vetzentrum-koeln.de\\\/en\\\/\",\"name\":\"Vetzentrum K\u00f6ln\",\"description\":\"Tier\u00e4rztliche Klinik f\u00fcr Kleintiere - 24 Stunden Notdienst\",\"publisher\":{\"@id\":\"https:\\\/\\\/www.vetzentrum-koeln.de\\\/en\\\/#organization\"},\"potentialAction\":[{\"@type\":\"SearchAction\",\"target\":{\"@type\":\"EntryPoint\",\"urlTemplate\":\"https:\\\/\\\/www.vetzentrum-koeln.de\\\/en\\\/?s={search_term_string}\"},\"query-input\":{\"@type\":\"PropertyValueSpecification\",\"valueRequired\":true,\"valueName\":\"search_term_string\"}}],\"inLanguage\":\"en-US\"},{\"@type\":\"Organization\",\"@id\":\"https:\\\/\\\/www.vetzentrum-koeln.de\\\/en\\\/#organization\",\"name\":\"Vetzentrum K\u00f6ln\",\"url\":\"https:\\\/\\\/www.vetzentrum-koeln.de\\\/en\\\/\",\"logo\":{\"@type\":\"ImageObject\",\"inLanguage\":\"en-US\",\"@id\":\"https:\\\/\\\/www.vetzentrum-koeln.de\\\/en\\\/#\\\/schema\\\/logo\\\/image\\\/\",\"url\":\"https:\\\/\\\/www.vetzentrum-koeln.de\\\/wp-content\\\/uploads\\\/2022\\\/01\\\/Logo_verdana_22.svg\",\"contentUrl\":\"https:\\\/\\\/www.vetzentrum-koeln.de\\\/wp-content\\\/uploads\\\/2022\\\/01\\\/Logo_verdana_22.svg\",\"width\":\"1024\",\"height\":\"1024\",\"caption\":\"Vetzentrum K\u00f6ln\"},\"image\":{\"@id\":\"https:\\\/\\\/www.vetzentrum-koeln.de\\\/en\\\/#\\\/schema\\\/logo\\\/image\\\/\"},\"sameAs\":[\"https:\\\/\\\/www.facebook.com\\\/pages\\\/VetZentrumInKln\\\/374677943082118\\\/#\"]}]}<\/script>\n<!-- \/ Yoast SEO plugin. -->","yoast_head_json":{"title":"Neurology - Vet Zentrum K\u00f6ln","description":"Erfahren Sie mehr \u00fcber Neurology \u2013 Vet Zentrum K\u00f6ln","robots":{"index":"index","follow":"follow","max-snippet":"max-snippet:-1","max-image-preview":"max-image-preview:large","max-video-preview":"max-video-preview:-1"},"canonical":"https:\/\/www.vetzentrum-koeln.de\/en\/neurology\/","og_locale":"en_US","og_type":"article","og_title":"Neurology - Vet Zentrum K\u00f6ln","og_description":"Erfahren Sie mehr \u00fcber Neurology \u2013 Vet Zentrum K\u00f6ln","og_url":"https:\/\/www.vetzentrum-koeln.de\/en\/neurology\/","og_site_name":"Vet Zentrum K\u00f6ln","article_publisher":"https:\/\/www.facebook.com\/pages\/VetZentrumInKln\/374677943082118\/#","article_modified_time":"2026-04-20T12:24:07+00:00","twitter_card":"summary_large_image","twitter_misc":{"Est. reading time":"4 minutes"},"schema":{"@context":"https:\/\/schema.org","@graph":[{"@type":"WebPage","@id":"https:\/\/www.vetzentrum-koeln.de\/en\/neurology\/","url":"https:\/\/www.vetzentrum-koeln.de\/en\/neurology\/","name":"Neurology - Vet Zentrum K\u00f6ln","isPartOf":{"@id":"https:\/\/www.vetzentrum-koeln.de\/en\/#website"},"datePublished":"2021-10-20T10:26:02+00:00","dateModified":"2026-04-20T12:24:07+00:00","description":"Erfahren Sie mehr \u00fcber Neurology \u2013 Vet Zentrum K\u00f6ln","breadcrumb":{"@id":"https:\/\/www.vetzentrum-koeln.de\/en\/neurology\/#breadcrumb"},"inLanguage":"en-US","potentialAction":[{"@type":"ReadAction","target":["https:\/\/www.vetzentrum-koeln.de\/en\/neurology\/"]}]},{"@type":"BreadcrumbList","@id":"https:\/\/www.vetzentrum-koeln.de\/en\/neurology\/#breadcrumb","itemListElement":[{"@type":"ListItem","position":1,"name":"Startseite","item":"https:\/\/www.vetzentrum-koeln.de\/en\/"},{"@type":"ListItem","position":2,"name":"Neurology"}]},{"@type":"WebSite","@id":"https:\/\/www.vetzentrum-koeln.de\/en\/#website","url":"https:\/\/www.vetzentrum-koeln.de\/en\/","name":"Vetzentrum K\u00f6ln","description":"Tier\u00e4rztliche Klinik f\u00fcr Kleintiere - 24 Stunden Notdienst","publisher":{"@id":"https:\/\/www.vetzentrum-koeln.de\/en\/#organization"},"potentialAction":[{"@type":"SearchAction","target":{"@type":"EntryPoint","urlTemplate":"https:\/\/www.vetzentrum-koeln.de\/en\/?s={search_term_string}"},"query-input":{"@type":"PropertyValueSpecification","valueRequired":true,"valueName":"search_term_string"}}],"inLanguage":"en-US"},{"@type":"Organization","@id":"https:\/\/www.vetzentrum-koeln.de\/en\/#organization","name":"Vetzentrum K\u00f6ln","url":"https:\/\/www.vetzentrum-koeln.de\/en\/","logo":{"@type":"ImageObject","inLanguage":"en-US","@id":"https:\/\/www.vetzentrum-koeln.de\/en\/#\/schema\/logo\/image\/","url":"https:\/\/www.vetzentrum-koeln.de\/wp-content\/uploads\/2022\/01\/Logo_verdana_22.svg","contentUrl":"https:\/\/www.vetzentrum-koeln.de\/wp-content\/uploads\/2022\/01\/Logo_verdana_22.svg","width":"1024","height":"1024","caption":"Vetzentrum K\u00f6ln"},"image":{"@id":"https:\/\/www.vetzentrum-koeln.de\/en\/#\/schema\/logo\/image\/"},"sameAs":["https:\/\/www.facebook.com\/pages\/VetZentrumInKln\/374677943082118\/#"]}]}},"_links":{"self":[{"href":"https:\/\/www.vetzentrum-koeln.de\/en\/wp-json\/wp\/v2\/pages\/2419","targetHints":{"allow":["GET"]}}],"collection":[{"href":"https:\/\/www.vetzentrum-koeln.de\/en\/wp-json\/wp\/v2\/pages"}],"about":[{"href":"https:\/\/www.vetzentrum-koeln.de\/en\/wp-json\/wp\/v2\/types\/page"}],"author":[{"embeddable":true,"href":"https:\/\/www.vetzentrum-koeln.de\/en\/wp-json\/wp\/v2\/users\/1"}],"replies":[{"embeddable":true,"href":"https:\/\/www.vetzentrum-koeln.de\/en\/wp-json\/wp\/v2\/comments?post=2419"}],"version-history":[{"count":2,"href":"https:\/\/www.vetzentrum-koeln.de\/en\/wp-json\/wp\/v2\/pages\/2419\/revisions"}],"predecessor-version":[{"id":2439,"href":"https:\/\/www.vetzentrum-koeln.de\/en\/wp-json\/wp\/v2\/pages\/2419\/revisions\/2439"}],"wp:attachment":[{"href":"https:\/\/www.vetzentrum-koeln.de\/en\/wp-json\/wp\/v2\/media?parent=2419"}],"curies":[{"name":"wp","href":"https:\/\/api.w.org\/{rel}","templated":true}]}}